{"id":625,"date":"2024-01-29T18:47:15","date_gmt":"2024-01-29T16:47:15","guid":{"rendered":"https:\/\/www.lingerie-avocado.pl\/?post_type=product&#038;p=625"},"modified":"2026-03-07T22:28:45","modified_gmt":"2026-03-07T21:28:45","slug":"legginsy-bezszwowe-z-zapietkiem","status":"publish","type":"product","link":"https:\/\/www.lingerie-avocado.pl\/ua\/product\/legginsy-bezszwowe-z-zapietkiem\/","title":{"rendered":"\u041b\u043e\u0441\u0438\u043d\u0438 \u0437\u0456 \u0448\u0442\u0440\u0438\u043f\u043a\u0430\u043c\u0438"},"content":{"rendered":"<p>\u0417\u0440\u0443\u0447\u043d\u0456 \u0442\u0430 \u043f\u0440\u0438\u0454\u043c\u043d\u0456 \u0434\u043e \u0442\u0456\u043b\u0430 \u043b\u043e\u0441\u0438\u043d\u0438, \u0432\u043e\u043d\u0438 \u0432\u0438\u0433\u043e\u0442\u043e\u0432\u043b\u0435\u043d\u0456 \u0456\u0437 \u044f\u043a\u0456\u0441\u043d\u0438\u0445 \u043c\u0430\u0442\u0435\u0440\u0456\u0430\u043b\u0456\u0432, \u0449\u043e \u0434\u043e\u0437\u0432\u043e\u043b\u044f\u0454 \u0448\u043a\u0456\u0440\u0456 \u0434\u0438\u0445\u0430\u0442\u0438 \u043f\u0456\u0434 \u0447\u0430\u0441 \u0442\u0440\u0435\u043d\u0443\u0432\u0430\u043d\u044c \u0430\u0431\u043e \u043f\u043e\u0432\u0441\u044f\u043a\u0434\u0435\u043d\u043d\u043e\u0433\u043e \u0432\u0438\u043a\u043e\u0440\u0438\u0441\u0442\u0430\u043d\u043d\u044f. \u041d\u0430\u044f\u0432\u043d\u0456\u0441\u0442\u044c \u0448\u0442\u0440\u0438\u043f\u043e\u043a \u0434\u043e\u0434\u0430\u0454 \u043d\u0435 \u043b\u0438\u0448\u0435 \u0435\u043b\u0435\u043c\u0435\u043d\u0442\u0456\u0432 \u043c\u043e\u0434\u0438, \u0430 \u0439 \u0441\u0442\u0432\u043e\u0440\u044e\u0454 \u0456\u043b\u044e\u0437\u0456\u044e \u0434\u043e\u0432\u0448\u0438\u0445 \u0442\u0430 \u0441\u0442\u0440\u043e\u0439\u043d\u0438\u0445 \u043d\u0456\u0433, \u043d\u0430\u0434\u0430\u044e\u0447\u0438 \u0432\u0430\u0448\u0456\u0439 \u0444\u0456\u0433\u0443\u0440\u0456 \u0435\u043b\u0435\u0433\u0430\u043d\u0442\u043d\u0438\u0439 \u0430\u043a\u0446\u0435\u043d\u0442.\n\u0428\u0438\u0440\u043e\u043a\u0438\u0439 \u0442\u0430 \u0437\u0440\u0443\u0447\u043d\u0438\u0439 \u043f\u043e\u044f\u0441 \u0440\u0430\u0437\u043e\u043c \u0456\u0437 \u0432\u0438\u0441\u043e\u043a\u043e\u044e \u043f\u043e\u0441\u0430\u0434\u043a\u043e\u044e \u0435\u0444\u0435\u043a\u0442\u0438\u0432\u043d\u043e \u043f\u0456\u0434\u0442\u044f\u0433\u0443\u044e\u0442\u044c \u0436\u0438\u0432\u0456\u0442, \u043c\u0430\u0441\u043a\u0443\u044e\u0447\u0438 \u043d\u0435\u0434\u043e\u043b\u0456\u043a\u0438 \u0456 \u0432\u0438\u043e\u043a\u0440\u0435\u043c\u043b\u044e\u044e\u0447\u0438 \u043f\u0435\u0440\u0435\u0432\u0430\u0433\u0438 \u0444\u0456\u0433\u0443\u0440\u0438.<\/p>","protected":false},"excerpt":{"rendered":"<p>Wygodne i przyjemne w dotyku legginsy wykonane z wysokiej jako\u015bci materia\u0142\u00f3w, co pozwala sk\u00f3rze oddycha\u0107 zar\u00f3wno podczas trening\u00f3w, jak i codziennego u\u017cytkowania. Obecno\u015b\u0107 zapi\u0119tka dodaje nie tylko element\u00f3w mody, ale [&hellip;]<\/p>","protected":false},"featured_media":634,"template":"","meta":[],"product_cat":[56],"product_tag":[],"class_list":{"0":"post-625","1":"product","2":"type-product","3":"status-publish","4":"has-post-thumbnail","6":"product_cat-legginsy","7":"pa_kolor-elektryczny","8":"pa_rozmiar-s-m","10":"first","11":"instock","12":"taxable","13":"shipping-taxable","14":"purchasable","15":"product-type-variable","16":"has-default-attributes"},"yoast_head":"<!-- This site is optimized with the Yoast SEO plugin v23.3 - https:\/\/yoast.com\/wordpress\/plugins\/seo\/ -->\n<title>Legginsy bezszwowe z zapi\u0119tkiem - Lingerie Avocado | Odzie\u017c bezszwowa | Legginsy, Topy<\/title>\n<meta name=\"description\" content=\"Wygodne i przyjemne w dotyku legginsy wykonane z wysokiej jako\u015bci materia\u0142\u00f3w, co pozwala sk\u00f3rze oddycha\u0107 zar\u00f3wno podczas trening\u00f3w, jak i codziennego u\u017cytkowania. Obecno\u015b\u0107 zapi\u0119tka dodaje nie tylko element\u00f3w mody, ale tak\u017ce tworzy iluzj\u0119 d\u0142u\u017cszych i smuklejszych n\u00f3g, nadaj\u0105c elegancki akcent\" \/>\n<meta name=\"robots\" content=\"index, follow, max-snippet:-1, max-image-preview:large, max-video-preview:-1\" \/>\n<link rel=\"canonical\" href=\"https:\/\/www.lingerie-avocado.pl\/ua\/product\/legginsy-bezszwowe-z-zapietkiem\/\" \/>\n<meta property=\"og:locale\" content=\"uk_UA\" \/>\n<meta property=\"og:type\" content=\"article\" \/>\n<meta property=\"og:title\" content=\"Legginsy bezszwowe z zapi\u0119tkiem - Lingerie Avocado | Odzie\u017c bezszwowa | Legginsy, Topy\" \/>\n<meta property=\"og:description\" content=\"Wygodne i przyjemne w dotyku legginsy wykonane z wysokiej jako\u015bci materia\u0142\u00f3w, co pozwala sk\u00f3rze oddycha\u0107 zar\u00f3wno podczas trening\u00f3w, jak i codziennego u\u017cytkowania. Obecno\u015b\u0107 zapi\u0119tka dodaje nie tylko element\u00f3w mody, ale tak\u017ce tworzy iluzj\u0119 d\u0142u\u017cszych i smuklejszych n\u00f3g, nadaj\u0105c elegancki akcent\" \/>\n<meta property=\"og:url\" content=\"https:\/\/www.lingerie-avocado.pl\/ua\/product\/legginsy-bezszwowe-z-zapietkiem\/\" \/>\n<meta property=\"og:site_name\" content=\"Lingerie Avocado | Odzie\u017c bezszwowa | Legginsy, Topy\" \/>\n<meta property=\"article:modified_time\" content=\"2026-03-07T21:28:45+00:00\" \/>\n<meta property=\"og:image\" content=\"https:\/\/www.lingerie-avocado.pl\/wp-content\/uploads\/2024\/01\/Legginsy-z-zapietkiem-\u0435\u043b\u0435\u043a\u0442\u0440\u0438\u043a-scaled.jpg\" \/>\n\t<meta property=\"og:image:width\" content=\"1904\" \/>\n\t<meta property=\"og:image:height\" content=\"2560\" \/>\n\t<meta property=\"og:image:type\" content=\"image\/jpeg\" \/>\n<meta name=\"twitter:card\" content=\"summary_large_image\" \/>\n<meta name=\"twitter:label1\" content=\"\u041f\u0440\u0438\u0431\u043b. \u0447\u0430\u0441 \u0447\u0438\u0442\u0430\u043d\u043d\u044f\" \/>\n\t<meta name=\"twitter:data1\" content=\"1 \u0445\u0432\u0438\u043b\u0438\u043d\u0430\" \/>\n<script type=\"application\/ld+json\" class=\"yoast-schema-graph\">{\"@context\":\"https:\/\/schema.org\",\"@graph\":[{\"@type\":\"WebPage\",\"@id\":\"https:\/\/www.lingerie-avocado.pl\/produkt\/legginsy-bezszwowe-z-zapietkiem\/\",\"url\":\"https:\/\/www.lingerie-avocado.pl\/produkt\/legginsy-bezszwowe-z-zapietkiem\/\",\"name\":\"Legginsy bezszwowe z zapi\u0119tkiem - Lingerie Avocado | Odzie\u017c bezszwowa | Legginsy, Topy\",\"isPartOf\":{\"@id\":\"https:\/\/www.lingerie-avocado.pl\/#website\"},\"primaryImageOfPage\":{\"@id\":\"https:\/\/www.lingerie-avocado.pl\/produkt\/legginsy-bezszwowe-z-zapietkiem\/#primaryimage\"},\"image\":{\"@id\":\"https:\/\/www.lingerie-avocado.pl\/produkt\/legginsy-bezszwowe-z-zapietkiem\/#primaryimage\"},\"thumbnailUrl\":\"https:\/\/www.lingerie-avocado.pl\/wp-content\/uploads\/2024\/01\/Legginsy-z-zapietkiem-\u0435\u043b\u0435\u043a\u0442\u0440\u0438\u043a-scaled.jpg\",\"datePublished\":\"2024-01-29T16:47:15+00:00\",\"dateModified\":\"2026-03-07T21:28:45+00:00\",\"description\":\"Wygodne i przyjemne w dotyku legginsy wykonane z wysokiej jako\u015bci materia\u0142\u00f3w, co pozwala sk\u00f3rze oddycha\u0107 zar\u00f3wno podczas trening\u00f3w, jak i codziennego u\u017cytkowania. Obecno\u015b\u0107 zapi\u0119tka dodaje nie tylko element\u00f3w mody, ale tak\u017ce tworzy iluzj\u0119 d\u0142u\u017cszych i smuklejszych n\u00f3g, nadaj\u0105c elegancki akcent\",\"breadcrumb\":{\"@id\":\"https:\/\/www.lingerie-avocado.pl\/produkt\/legginsy-bezszwowe-z-zapietkiem\/#breadcrumb\"},\"inLanguage\":\"uk\",\"potentialAction\":[{\"@type\":\"ReadAction\",\"target\":[\"https:\/\/www.lingerie-avocado.pl\/produkt\/legginsy-bezszwowe-z-zapietkiem\/\"]}]},{\"@type\":\"ImageObject\",\"inLanguage\":\"uk\",\"@id\":\"https:\/\/www.lingerie-avocado.pl\/produkt\/legginsy-bezszwowe-z-zapietkiem\/#primaryimage\",\"url\":\"https:\/\/www.lingerie-avocado.pl\/wp-content\/uploads\/2024\/01\/Legginsy-z-zapietkiem-\u0435\u043b\u0435\u043a\u0442\u0440\u0438\u043a-scaled.jpg\",\"contentUrl\":\"https:\/\/www.lingerie-avocado.pl\/wp-content\/uploads\/2024\/01\/Legginsy-z-zapietkiem-\u0435\u043b\u0435\u043a\u0442\u0440\u0438\u043a-scaled.jpg\",\"width\":1904,\"height\":2560},{\"@type\":\"BreadcrumbList\",\"@id\":\"https:\/\/www.lingerie-avocado.pl\/produkt\/legginsy-bezszwowe-z-zapietkiem\/#breadcrumb\",\"itemListElement\":[{\"@type\":\"ListItem\",\"position\":1,\"name\":\"Strona g\u0142\u00f3wna\",\"item\":\"https:\/\/www.lingerie-avocado.pl\/\"},{\"@type\":\"ListItem\",\"position\":2,\"name\":\"Sklep\",\"item\":\"https:\/\/www.lingerie-avocado.pl\/shop\/\"},{\"@type\":\"ListItem\",\"position\":3,\"name\":\"Legginsy bezszwowe z zapi\u0119tkiem\"}]},{\"@type\":\"WebSite\",\"@id\":\"https:\/\/www.lingerie-avocado.pl\/#website\",\"url\":\"https:\/\/www.lingerie-avocado.pl\/\",\"name\":\"Lingerie Avocado | Odzie\u017c bezszwowa | Legginsy, Topy\",\"description\":\"\",\"publisher\":{\"@id\":\"https:\/\/www.lingerie-avocado.pl\/#organization\"},\"potentialAction\":[{\"@type\":\"SearchAction\",\"target\":{\"@type\":\"EntryPoint\",\"urlTemplate\":\"https:\/\/www.lingerie-avocado.pl\/?s={search_term_string}\"},\"query-input\":\"required name=search_term_string\"}],\"inLanguage\":\"uk\"},{\"@type\":\"Organization\",\"@id\":\"https:\/\/www.lingerie-avocado.pl\/#organization\",\"name\":\"Lingerie Avocado | Odzie\u017c bezszwowa | Legginsy, Topy\",\"url\":\"https:\/\/www.lingerie-avocado.pl\/\",\"logo\":{\"@type\":\"ImageObject\",\"inLanguage\":\"uk\",\"@id\":\"https:\/\/www.lingerie-avocado.pl\/#\/schema\/logo\/image\/\",\"url\":\"https:\/\/www.lingerie-avocado.pl\/wp-content\/uploads\/2024\/01\/LogoAvocado-1.svg\",\"contentUrl\":\"https:\/\/www.lingerie-avocado.pl\/wp-content\/uploads\/2024\/01\/LogoAvocado-1.svg\",\"width\":203,\"height\":68,\"caption\":\"Lingerie Avocado | Odzie\u017c bezszwowa | Legginsy, Topy\"},\"image\":{\"@id\":\"https:\/\/www.lingerie-avocado.pl\/#\/schema\/logo\/image\/\"}}]}<\/script>\n<!-- \/ Yoast SEO plugin. -->","yoast_head_json":{"title":"Legginsy bezszwowe z zapi\u0119tkiem - Lingerie Avocado | Odzie\u017c bezszwowa | Legginsy, Topy","description":"Wygodne i przyjemne w dotyku legginsy wykonane z wysokiej jako\u015bci materia\u0142\u00f3w, co pozwala sk\u00f3rze oddycha\u0107 zar\u00f3wno podczas trening\u00f3w, jak i codziennego u\u017cytkowania. Obecno\u015b\u0107 zapi\u0119tka dodaje nie tylko element\u00f3w mody, ale tak\u017ce tworzy iluzj\u0119 d\u0142u\u017cszych i smuklejszych n\u00f3g, nadaj\u0105c elegancki akcent","robots":{"index":"index","follow":"follow","max-snippet":"max-snippet:-1","max-image-preview":"max-image-preview:large","max-video-preview":"max-video-preview:-1"},"canonical":"https:\/\/www.lingerie-avocado.pl\/ua\/product\/legginsy-bezszwowe-z-zapietkiem\/","og_locale":"uk_UA","og_type":"article","og_title":"Legginsy bezszwowe z zapi\u0119tkiem - Lingerie Avocado | Odzie\u017c bezszwowa | Legginsy, Topy","og_description":"Wygodne i przyjemne w dotyku legginsy wykonane z wysokiej jako\u015bci materia\u0142\u00f3w, co pozwala sk\u00f3rze oddycha\u0107 zar\u00f3wno podczas trening\u00f3w, jak i codziennego u\u017cytkowania. Obecno\u015b\u0107 zapi\u0119tka dodaje nie tylko element\u00f3w mody, ale tak\u017ce tworzy iluzj\u0119 d\u0142u\u017cszych i smuklejszych n\u00f3g, nadaj\u0105c elegancki akcent","og_url":"https:\/\/www.lingerie-avocado.pl\/ua\/product\/legginsy-bezszwowe-z-zapietkiem\/","og_site_name":"Lingerie Avocado | Odzie\u017c bezszwowa | Legginsy, Topy","article_modified_time":"2026-03-07T21:28:45+00:00","og_image":[{"width":1904,"height":2560,"url":"https:\/\/www.lingerie-avocado.pl\/wp-content\/uploads\/2024\/01\/Legginsy-z-zapietkiem-\u0435\u043b\u0435\u043a\u0442\u0440\u0438\u043a-scaled.jpg","type":"image\/jpeg"}],"twitter_card":"summary_large_image","twitter_misc":{"\u041f\u0440\u0438\u0431\u043b. \u0447\u0430\u0441 \u0447\u0438\u0442\u0430\u043d\u043d\u044f":"1 \u0445\u0432\u0438\u043b\u0438\u043d\u0430"},"schema":{"@context":"https:\/\/schema.org","@graph":[{"@type":"WebPage","@id":"https:\/\/www.lingerie-avocado.pl\/produkt\/legginsy-bezszwowe-z-zapietkiem\/","url":"https:\/\/www.lingerie-avocado.pl\/produkt\/legginsy-bezszwowe-z-zapietkiem\/","name":"Legginsy bezszwowe z zapi\u0119tkiem - Lingerie Avocado | Odzie\u017c bezszwowa | Legginsy, Topy","isPartOf":{"@id":"https:\/\/www.lingerie-avocado.pl\/#website"},"primaryImageOfPage":{"@id":"https:\/\/www.lingerie-avocado.pl\/produkt\/legginsy-bezszwowe-z-zapietkiem\/#primaryimage"},"image":{"@id":"https:\/\/www.lingerie-avocado.pl\/produkt\/legginsy-bezszwowe-z-zapietkiem\/#primaryimage"},"thumbnailUrl":"https:\/\/www.lingerie-avocado.pl\/wp-content\/uploads\/2024\/01\/Legginsy-z-zapietkiem-\u0435\u043b\u0435\u043a\u0442\u0440\u0438\u043a-scaled.jpg","datePublished":"2024-01-29T16:47:15+00:00","dateModified":"2026-03-07T21:28:45+00:00","description":"Wygodne i przyjemne w dotyku legginsy wykonane z wysokiej jako\u015bci materia\u0142\u00f3w, co pozwala sk\u00f3rze oddycha\u0107 zar\u00f3wno podczas trening\u00f3w, jak i codziennego u\u017cytkowania. Obecno\u015b\u0107 zapi\u0119tka dodaje nie tylko element\u00f3w mody, ale tak\u017ce tworzy iluzj\u0119 d\u0142u\u017cszych i smuklejszych n\u00f3g, nadaj\u0105c elegancki akcent","breadcrumb":{"@id":"https:\/\/www.lingerie-avocado.pl\/produkt\/legginsy-bezszwowe-z-zapietkiem\/#breadcrumb"},"inLanguage":"uk","potentialAction":[{"@type":"ReadAction","target":["https:\/\/www.lingerie-avocado.pl\/produkt\/legginsy-bezszwowe-z-zapietkiem\/"]}]},{"@type":"ImageObject","inLanguage":"uk","@id":"https:\/\/www.lingerie-avocado.pl\/produkt\/legginsy-bezszwowe-z-zapietkiem\/#primaryimage","url":"https:\/\/www.lingerie-avocado.pl\/wp-content\/uploads\/2024\/01\/Legginsy-z-zapietkiem-\u0435\u043b\u0435\u043a\u0442\u0440\u0438\u043a-scaled.jpg","contentUrl":"https:\/\/www.lingerie-avocado.pl\/wp-content\/uploads\/2024\/01\/Legginsy-z-zapietkiem-\u0435\u043b\u0435\u043a\u0442\u0440\u0438\u043a-scaled.jpg","width":1904,"height":2560},{"@type":"BreadcrumbList","@id":"https:\/\/www.lingerie-avocado.pl\/produkt\/legginsy-bezszwowe-z-zapietkiem\/#breadcrumb","itemListElement":[{"@type":"ListItem","position":1,"name":"Strona g\u0142\u00f3wna","item":"https:\/\/www.lingerie-avocado.pl\/"},{"@type":"ListItem","position":2,"name":"Sklep","item":"https:\/\/www.lingerie-avocado.pl\/shop\/"},{"@type":"ListItem","position":3,"name":"Legginsy bezszwowe z zapi\u0119tkiem"}]},{"@type":"WebSite","@id":"https:\/\/www.lingerie-avocado.pl\/#website","url":"https:\/\/www.lingerie-avocado.pl\/","name":"Lingerie Avocado | Odzie\u017c bezszwowa | Legginsy, Topy","description":"","publisher":{"@id":"https:\/\/www.lingerie-avocado.pl\/#organization"},"potentialAction":[{"@type":"SearchAction","target":{"@type":"EntryPoint","urlTemplate":"https:\/\/www.lingerie-avocado.pl\/?s={search_term_string}"},"query-input":"required name=search_term_string"}],"inLanguage":"uk"},{"@type":"Organization","@id":"https:\/\/www.lingerie-avocado.pl\/#organization","name":"Lingerie Avocado | Odzie\u017c bezszwowa | Legginsy, Topy","url":"https:\/\/www.lingerie-avocado.pl\/","logo":{"@type":"ImageObject","inLanguage":"uk","@id":"https:\/\/www.lingerie-avocado.pl\/#\/schema\/logo\/image\/","url":"https:\/\/www.lingerie-avocado.pl\/wp-content\/uploads\/2024\/01\/LogoAvocado-1.svg","contentUrl":"https:\/\/www.lingerie-avocado.pl\/wp-content\/uploads\/2024\/01\/LogoAvocado-1.svg","width":203,"height":68,"caption":"Lingerie Avocado | Odzie\u017c bezszwowa | Legginsy, Topy"},"image":{"@id":"https:\/\/www.lingerie-avocado.pl\/#\/schema\/logo\/image\/"}}]}},"_links":{"self":[{"href":"https:\/\/www.lingerie-avocado.pl\/ua\/wp-json\/wp\/v2\/product\/625","targetHints":{"allow":["GET"]}}],"collection":[{"href":"https:\/\/www.lingerie-avocado.pl\/ua\/wp-json\/wp\/v2\/product"}],"about":[{"href":"https:\/\/www.lingerie-avocado.pl\/ua\/wp-json\/wp\/v2\/types\/product"}],"wp:featuredmedia":[{"embeddable":true,"href":"https:\/\/www.lingerie-avocado.pl\/ua\/wp-json\/wp\/v2\/media\/634"}],"wp:attachment":[{"href":"https:\/\/www.lingerie-avocado.pl\/ua\/wp-json\/wp\/v2\/media?parent=625"}],"wp:term":[{"taxonomy":"product_cat","embeddable":true,"href":"https:\/\/www.lingerie-avocado.pl\/ua\/wp-json\/wp\/v2\/product_cat?post=625"},{"taxonomy":"product_tag","embeddable":true,"href":"https:\/\/www.lingerie-avocado.pl\/ua\/wp-json\/wp\/v2\/product_tag?post=625"}],"curies":[{"name":"wp","href":"https:\/\/api.w.org\/{rel}","templated":true}]}}