{"id":571,"date":"2024-01-28T17:17:14","date_gmt":"2024-01-28T15:17:14","guid":{"rendered":"https:\/\/www.lingerie-avocado.pl\/?post_type=product&#038;p=571"},"modified":"2024-12-05T00:00:04","modified_gmt":"2024-12-04T23:00:04","slug":"matowe-legginsy-z-efektem-push-up","status":"publish","type":"product","link":"https:\/\/www.lingerie-avocado.pl\/ua\/product\/matowe-legginsy-z-efektem-push-up\/","title":{"rendered":"\u041b\u043e\u0441\u0438\u043d\u0438 \u043c\u0430\u0442\u043e\u0432\u0456 \u0437 \u0435\u0444\u0435\u043a\u0442\u043e\u043c push up"},"content":{"rendered":"<p>\u041b\u0435\u0433\u0456\u043d\u0441\u0438, \u0441\u043f\u043e\u0440\u0442\u0438\u0432\u043d\u0456, \u0437 \u0435\u0444\u0435\u043a\u0442\u043e\u043c \u043f\u0443\u0448 \u0430\u043f. \u0426\u0456 \u043b\u0435\u0433\u0456\u043d\u0441\u0438 \u0432\u0440\u0430\u0436\u0430\u044e\u0442\u044c \u0441\u0432\u043e\u0454\u044e \u0437\u0434\u0430\u0442\u043d\u0456\u0441\u0442\u044e \u043f\u0456\u0434\u043a\u0440\u0435\u0441\u043b\u0438\u0442\u0438 \u0432\u0430\u0448\u0443 \u0444\u0456\u0433\u0443\u0440\u0443! \u0422\u0430\u043b\u0456\u044f \u043f\u0440\u0430\u0432\u0438\u043b\u044c\u043d\u043e\u0457 \u0444\u043e\u0440\u043c\u0438, \u043f\u0456\u0434\u043d\u044f\u0442\u0456 \u0442\u0430 \u0440\u0435\u043b\u044c\u0454\u0444\u043d\u0456 \u0441\u0456\u0434\u043d\u0438\u0446\u0456, \u0441\u0442\u0440\u0443\u043d\u043ai \u043d\u043e\u0433\u0438. \u0426\u044f \u0431\u0435\u0437\u0434\u043e\u0433\u0430\u043d\u043d\u0430 \u043c\u043e\u0434\u0435\u043b\u044c \u0437\u0430\u0431\u0435\u0437\u043f\u0435\u0447\u0438\u0442\u044c \u043d\u0435 \u0442\u0456\u043b\u044c\u043a\u0438 \u043f\u0440\u0438\u0432\u0430\u0431\u043b\u0438\u0432\u0438\u0439 \u0437\u043e\u0432\u043d\u0456\u0448\u043d\u0456\u0439 \u0432\u0438\u0433\u043b\u044f\u0434, \u0430\u043b\u0435 \u0439 \u043c\u0430\u043a\u0441\u0438\u043c\u0430\u043b\u044c\u043d\u0438\u0439 \u043a\u043e\u043c\u0444\u043e\u0440\u0442 \u043f\u0456\u0434 \u0447\u0430\u0441 \u0442\u0440\u0435\u043d\u0443\u0432\u0430\u043d\u044c. \u0414\u043e\u0434\u0430\u0439\u0442\u0435 \u043d\u0430\u0448 \u0442\u043e\u043f \u0434\u043e \u0432\u0430\u0448\u043e\u0433\u043e \u0433\u0430\u0440\u0434\u0435\u0440\u043e\u0431\u0443, \u0449\u043e\u0431 \u0441\u0442\u0432\u043e\u0440\u0438\u0442\u0438 \u0456\u0434\u0435\u0430\u043b\u044c\u043d\u0438\u0439 \u0441\u043f\u043e\u0440\u0442\u0438\u0432\u043d\u0438\u0439 \u043a\u043e\u043c\u043f\u043b\u0435\u043a\u0442. \u0426\u0456 \u043b\u043e\u0441\u0456\u043d\u0438 \u0449\u0456\u043b\u044c\u043d\u0456 \u0456 \u043d\u0435 \u043f\u0440\u043e\u0441\u0432\u0456\u0447\u0443\u044e\u0442\u044c, \u0456\u0434\u0435\u0430\u043b\u044c\u043d\u043e \u043f\u0456\u0434\u0445\u043e\u0434\u044f\u0442\u044c \u044f\u043a \u0434\u043b\u044f \u0442\u0440\u0435\u043d\u0443\u0432\u0430\u043d\u044c, \u0442\u0430\u043a \u0456 \u0434\u043b\u044f \u043f\u043e\u0432\u0441\u044f\u043a\u0434\u0435\u043d\u043d\u043e\u0433\u043e \u0432\u0438\u043a\u043e\u0440\u0438\u0441\u0442\u0430\u043d\u043d\u044f.<\/p>\n<p>\u0421\u043f\u043e\u0440\u0442\u0438\u0432\u043d\u0456 \u043b\u0435\u0433\u0456\u043d\u0441\u0438 \u0434\u043b\u044f \u0442\u0440\u0435\u043d\u0430\u0436\u0435\u0440\u043d\u043e\u0433\u043e \u0437\u0430\u043b\u0443 \u043c\u0430\u044e\u0442\u044c \u043d\u0430\u0441\u0442\u0443\u043f\u043d\u0456 \u043e\u0441\u043e\u0431\u043b\u0438\u0432\u043e\u0441\u0442\u0456:<\/p>\n<ul>\n<li>\u043f\u0440\u0438\u0441\u0431\u043e\u0440\u0435\u043d\u0456 \u043d\u0430 \u0441\u0456\u0434\u043d\u0438\u0446\u044f\u0445, \u0437 \u0435\u0444\u0435\u043a\u0442\u043e\u043c \u043f\u0443\u0448-\u0430\u043f, \u0432\u0438\u0441\u043e\u043a\u0430 \u0442\u0430\u043b\u0456\u044f<\/li>\n<li>\u043c\u043e\u0434\u0435\u043b\u044e\u0454 \u0442\u0430\u043b\u0456\u044e<\/li>\n<li>\u043f\u0456\u0434\u0445\u043e\u0434\u044f\u0442\u044c \u043d\u0435 \u0442\u0456\u043b\u044c\u043a\u0438 \u0434\u043b\u044f \u0441\u043f\u043e\u0440\u0442\u0438\u0432\u043d\u043e\u0457 \u0437\u0430\u043b\u0438, \u0430 \u0439 \u0434\u043b\u044f \u043f\u043e\u0432\u0441\u044f\u043a\u0434\u0435\u043d\u043d\u043e\u0433\u043e \u0436\u0438\u0442\u0442\u044f<\/li>\n<\/ul>","protected":false},"excerpt":{"rendered":"<p>Matowe legginsy z efektem push-up Legginsy sportowe z efektem push-up. Te legginsy zachwycaj\u0105 swoj\u0105 zdolno\u015bci\u0105 podkre\u015blenia Twojej figury! W\u0142a\u015bciwie uformowana talia, uniesione i reliefowe po\u015bladki, smuk\u0142e nogi. Ten nieskazitelny model [&hellip;]<\/p>","protected":false},"featured_media":596,"template":"","meta":[],"product_cat":[56],"product_tag":[],"class_list":{"0":"post-571","1":"product","2":"type-product","3":"status-publish","4":"has-post-thumbnail","6":"product_cat-legginsy","7":"pa_kolor-czarny","8":"pa_kolor-cappuccino","9":"pa_kolor-czekoladowy","10":"pa_kolor-grafitowy","11":"pa_kolor-czerwony","12":"pa_kolor-elektryczny","13":"pa_rozmiar-s","14":"pa_rozmiar-m","15":"pa_rozmiar-l","17":"first","18":"instock","19":"taxable","20":"shipping-taxable","21":"purchasable","22":"product-type-variable","23":"has-default-attributes"},"yoast_head":"<!-- This site is optimized with the Yoast SEO plugin v23.3 - https:\/\/yoast.com\/wordpress\/plugins\/seo\/ -->\n<title>Matowe legginsy z efektem push-up - Lingerie Avocado | Odzie\u017c bezszwowa | Legginsy, Topy<\/title>\n<meta name=\"description\" content=\"Matowe legginsy z efektem push-up Legginsy sportowe z efektem push-up. Te legginsy zachwycaj\u0105 swoj\u0105 zdolno\u015bci\u0105 podkre\u015blenia Twojej figury! W\u0142a\u015bciwie uformowana talia, uniesione i reliefowe po\u015bladki, smuk\u0142e nogi. Ten nieskazitelny model zapewni nie tylko atrakcyjny wygl\u0105d, ale tak\u017ce maksymalny komfort podczas trening\u00f3w.\" \/>\n<meta name=\"robots\" content=\"index, follow, max-snippet:-1, max-image-preview:large, max-video-preview:-1\" \/>\n<link rel=\"canonical\" href=\"https:\/\/www.lingerie-avocado.pl\/ua\/product\/matowe-legginsy-z-efektem-push-up\/\" \/>\n<meta property=\"og:locale\" content=\"uk_UA\" \/>\n<meta property=\"og:type\" content=\"article\" \/>\n<meta property=\"og:title\" content=\"Matowe legginsy z efektem push-up - Lingerie Avocado | Odzie\u017c bezszwowa | Legginsy, Topy\" \/>\n<meta property=\"og:description\" content=\"Matowe legginsy z efektem push-up Legginsy sportowe z efektem push-up. Te legginsy zachwycaj\u0105 swoj\u0105 zdolno\u015bci\u0105 podkre\u015blenia Twojej figury! W\u0142a\u015bciwie uformowana talia, uniesione i reliefowe po\u015bladki, smuk\u0142e nogi. Ten nieskazitelny model zapewni nie tylko atrakcyjny wygl\u0105d, ale tak\u017ce maksymalny komfort podczas trening\u00f3w.\" \/>\n<meta property=\"og:url\" content=\"https:\/\/www.lingerie-avocado.pl\/ua\/product\/matowe-legginsy-z-efektem-push-up\/\" \/>\n<meta property=\"og:site_name\" content=\"Lingerie Avocado | Odzie\u017c bezszwowa | Legginsy, Topy\" \/>\n<meta property=\"article:modified_time\" content=\"2024-12-04T23:00:04+00:00\" \/>\n<meta property=\"og:image\" content=\"https:\/\/www.lingerie-avocado.pl\/wp-content\/uploads\/2024\/01\/Matowe-legginsy-z-efektem-push-up-\u043a\u0430\u043f\u0443\u0447\u0438\u043d\u043e-scaled.jpg\" \/>\n\t<meta property=\"og:image:width\" content=\"1904\" \/>\n\t<meta property=\"og:image:height\" content=\"2560\" \/>\n\t<meta property=\"og:image:type\" content=\"image\/jpeg\" \/>\n<meta name=\"twitter:card\" content=\"summary_large_image\" \/>\n<meta name=\"twitter:label1\" content=\"\u041f\u0440\u0438\u0431\u043b. \u0447\u0430\u0441 \u0447\u0438\u0442\u0430\u043d\u043d\u044f\" \/>\n\t<meta name=\"twitter:data1\" content=\"1 \u0445\u0432\u0438\u043b\u0438\u043d\u0430\" \/>\n<script type=\"application\/ld+json\" class=\"yoast-schema-graph\">{\"@context\":\"https:\/\/schema.org\",\"@graph\":[{\"@type\":\"WebPage\",\"@id\":\"https:\/\/www.lingerie-avocado.pl\/produkt\/matowe-legginsy-z-efektem-push-up\/\",\"url\":\"https:\/\/www.lingerie-avocado.pl\/produkt\/matowe-legginsy-z-efektem-push-up\/\",\"name\":\"Matowe legginsy z efektem push-up - Lingerie Avocado | Odzie\u017c bezszwowa | Legginsy, Topy\",\"isPartOf\":{\"@id\":\"https:\/\/www.lingerie-avocado.pl\/#website\"},\"primaryImageOfPage\":{\"@id\":\"https:\/\/www.lingerie-avocado.pl\/produkt\/matowe-legginsy-z-efektem-push-up\/#primaryimage\"},\"image\":{\"@id\":\"https:\/\/www.lingerie-avocado.pl\/produkt\/matowe-legginsy-z-efektem-push-up\/#primaryimage\"},\"thumbnailUrl\":\"https:\/\/www.lingerie-avocado.pl\/wp-content\/uploads\/2024\/01\/Matowe-legginsy-z-efektem-push-up-\u043a\u0430\u043f\u0443\u0447\u0438\u043d\u043e-scaled.jpg\",\"datePublished\":\"2024-01-28T15:17:14+00:00\",\"dateModified\":\"2024-12-04T23:00:04+00:00\",\"description\":\"Matowe legginsy z efektem push-up Legginsy sportowe z efektem push-up. Te legginsy zachwycaj\u0105 swoj\u0105 zdolno\u015bci\u0105 podkre\u015blenia Twojej figury! W\u0142a\u015bciwie uformowana talia, uniesione i reliefowe po\u015bladki, smuk\u0142e nogi. Ten nieskazitelny model zapewni nie tylko atrakcyjny wygl\u0105d, ale tak\u017ce maksymalny komfort podczas trening\u00f3w.\",\"breadcrumb\":{\"@id\":\"https:\/\/www.lingerie-avocado.pl\/produkt\/matowe-legginsy-z-efektem-push-up\/#breadcrumb\"},\"inLanguage\":\"uk\",\"potentialAction\":[{\"@type\":\"ReadAction\",\"target\":[\"https:\/\/www.lingerie-avocado.pl\/produkt\/matowe-legginsy-z-efektem-push-up\/\"]}]},{\"@type\":\"ImageObject\",\"inLanguage\":\"uk\",\"@id\":\"https:\/\/www.lingerie-avocado.pl\/produkt\/matowe-legginsy-z-efektem-push-up\/#primaryimage\",\"url\":\"https:\/\/www.lingerie-avocado.pl\/wp-content\/uploads\/2024\/01\/Matowe-legginsy-z-efektem-push-up-\u043a\u0430\u043f\u0443\u0447\u0438\u043d\u043e-scaled.jpg\",\"contentUrl\":\"https:\/\/www.lingerie-avocado.pl\/wp-content\/uploads\/2024\/01\/Matowe-legginsy-z-efektem-push-up-\u043a\u0430\u043f\u0443\u0447\u0438\u043d\u043e-scaled.jpg\",\"width\":1904,\"height\":2560},{\"@type\":\"BreadcrumbList\",\"@id\":\"https:\/\/www.lingerie-avocado.pl\/produkt\/matowe-legginsy-z-efektem-push-up\/#breadcrumb\",\"itemListElement\":[{\"@type\":\"ListItem\",\"position\":1,\"name\":\"Strona g\u0142\u00f3wna\",\"item\":\"https:\/\/www.lingerie-avocado.pl\/\"},{\"@type\":\"ListItem\",\"position\":2,\"name\":\"Sklep\",\"item\":\"https:\/\/www.lingerie-avocado.pl\/shop\/\"},{\"@type\":\"ListItem\",\"position\":3,\"name\":\"Matowe legginsy z efektem push-up\"}]},{\"@type\":\"WebSite\",\"@id\":\"https:\/\/www.lingerie-avocado.pl\/#website\",\"url\":\"https:\/\/www.lingerie-avocado.pl\/\",\"name\":\"Lingerie Avocado | Odzie\u017c bezszwowa | Legginsy, Topy\",\"description\":\"\",\"publisher\":{\"@id\":\"https:\/\/www.lingerie-avocado.pl\/#organization\"},\"potentialAction\":[{\"@type\":\"SearchAction\",\"target\":{\"@type\":\"EntryPoint\",\"urlTemplate\":\"https:\/\/www.lingerie-avocado.pl\/?s={search_term_string}\"},\"query-input\":\"required name=search_term_string\"}],\"inLanguage\":\"uk\"},{\"@type\":\"Organization\",\"@id\":\"https:\/\/www.lingerie-avocado.pl\/#organization\",\"name\":\"Lingerie Avocado | Odzie\u017c bezszwowa | Legginsy, Topy\",\"url\":\"https:\/\/www.lingerie-avocado.pl\/\",\"logo\":{\"@type\":\"ImageObject\",\"inLanguage\":\"uk\",\"@id\":\"https:\/\/www.lingerie-avocado.pl\/#\/schema\/logo\/image\/\",\"url\":\"https:\/\/www.lingerie-avocado.pl\/wp-content\/uploads\/2024\/01\/LogoAvocado-1.svg\",\"contentUrl\":\"https:\/\/www.lingerie-avocado.pl\/wp-content\/uploads\/2024\/01\/LogoAvocado-1.svg\",\"width\":203,\"height\":68,\"caption\":\"Lingerie Avocado | Odzie\u017c bezszwowa | Legginsy, Topy\"},\"image\":{\"@id\":\"https:\/\/www.lingerie-avocado.pl\/#\/schema\/logo\/image\/\"}}]}<\/script>\n<!-- \/ Yoast SEO plugin. -->","yoast_head_json":{"title":"Matowe legginsy z efektem push-up - Lingerie Avocado | Odzie\u017c bezszwowa | Legginsy, Topy","description":"Matowe legginsy z efektem push-up Legginsy sportowe z efektem push-up. Te legginsy zachwycaj\u0105 swoj\u0105 zdolno\u015bci\u0105 podkre\u015blenia Twojej figury! W\u0142a\u015bciwie uformowana talia, uniesione i reliefowe po\u015bladki, smuk\u0142e nogi. Ten nieskazitelny model zapewni nie tylko atrakcyjny wygl\u0105d, ale tak\u017ce maksymalny komfort podczas trening\u00f3w.","robots":{"index":"index","follow":"follow","max-snippet":"max-snippet:-1","max-image-preview":"max-image-preview:large","max-video-preview":"max-video-preview:-1"},"canonical":"https:\/\/www.lingerie-avocado.pl\/ua\/product\/matowe-legginsy-z-efektem-push-up\/","og_locale":"uk_UA","og_type":"article","og_title":"Matowe legginsy z efektem push-up - Lingerie Avocado | Odzie\u017c bezszwowa | Legginsy, Topy","og_description":"Matowe legginsy z efektem push-up Legginsy sportowe z efektem push-up. Te legginsy zachwycaj\u0105 swoj\u0105 zdolno\u015bci\u0105 podkre\u015blenia Twojej figury! W\u0142a\u015bciwie uformowana talia, uniesione i reliefowe po\u015bladki, smuk\u0142e nogi. Ten nieskazitelny model zapewni nie tylko atrakcyjny wygl\u0105d, ale tak\u017ce maksymalny komfort podczas trening\u00f3w.","og_url":"https:\/\/www.lingerie-avocado.pl\/ua\/product\/matowe-legginsy-z-efektem-push-up\/","og_site_name":"Lingerie Avocado | Odzie\u017c bezszwowa | Legginsy, Topy","article_modified_time":"2024-12-04T23:00:04+00:00","og_image":[{"width":1904,"height":2560,"url":"https:\/\/www.lingerie-avocado.pl\/wp-content\/uploads\/2024\/01\/Matowe-legginsy-z-efektem-push-up-\u043a\u0430\u043f\u0443\u0447\u0438\u043d\u043e-scaled.jpg","type":"image\/jpeg"}],"twitter_card":"summary_large_image","twitter_misc":{"\u041f\u0440\u0438\u0431\u043b. \u0447\u0430\u0441 \u0447\u0438\u0442\u0430\u043d\u043d\u044f":"1 \u0445\u0432\u0438\u043b\u0438\u043d\u0430"},"schema":{"@context":"https:\/\/schema.org","@graph":[{"@type":"WebPage","@id":"https:\/\/www.lingerie-avocado.pl\/produkt\/matowe-legginsy-z-efektem-push-up\/","url":"https:\/\/www.lingerie-avocado.pl\/produkt\/matowe-legginsy-z-efektem-push-up\/","name":"Matowe legginsy z efektem push-up - Lingerie Avocado | Odzie\u017c bezszwowa | Legginsy, Topy","isPartOf":{"@id":"https:\/\/www.lingerie-avocado.pl\/#website"},"primaryImageOfPage":{"@id":"https:\/\/www.lingerie-avocado.pl\/produkt\/matowe-legginsy-z-efektem-push-up\/#primaryimage"},"image":{"@id":"https:\/\/www.lingerie-avocado.pl\/produkt\/matowe-legginsy-z-efektem-push-up\/#primaryimage"},"thumbnailUrl":"https:\/\/www.lingerie-avocado.pl\/wp-content\/uploads\/2024\/01\/Matowe-legginsy-z-efektem-push-up-\u043a\u0430\u043f\u0443\u0447\u0438\u043d\u043e-scaled.jpg","datePublished":"2024-01-28T15:17:14+00:00","dateModified":"2024-12-04T23:00:04+00:00","description":"Matowe legginsy z efektem push-up Legginsy sportowe z efektem push-up. Te legginsy zachwycaj\u0105 swoj\u0105 zdolno\u015bci\u0105 podkre\u015blenia Twojej figury! W\u0142a\u015bciwie uformowana talia, uniesione i reliefowe po\u015bladki, smuk\u0142e nogi. Ten nieskazitelny model zapewni nie tylko atrakcyjny wygl\u0105d, ale tak\u017ce maksymalny komfort podczas trening\u00f3w.","breadcrumb":{"@id":"https:\/\/www.lingerie-avocado.pl\/produkt\/matowe-legginsy-z-efektem-push-up\/#breadcrumb"},"inLanguage":"uk","potentialAction":[{"@type":"ReadAction","target":["https:\/\/www.lingerie-avocado.pl\/produkt\/matowe-legginsy-z-efektem-push-up\/"]}]},{"@type":"ImageObject","inLanguage":"uk","@id":"https:\/\/www.lingerie-avocado.pl\/produkt\/matowe-legginsy-z-efektem-push-up\/#primaryimage","url":"https:\/\/www.lingerie-avocado.pl\/wp-content\/uploads\/2024\/01\/Matowe-legginsy-z-efektem-push-up-\u043a\u0430\u043f\u0443\u0447\u0438\u043d\u043e-scaled.jpg","contentUrl":"https:\/\/www.lingerie-avocado.pl\/wp-content\/uploads\/2024\/01\/Matowe-legginsy-z-efektem-push-up-\u043a\u0430\u043f\u0443\u0447\u0438\u043d\u043e-scaled.jpg","width":1904,"height":2560},{"@type":"BreadcrumbList","@id":"https:\/\/www.lingerie-avocado.pl\/produkt\/matowe-legginsy-z-efektem-push-up\/#breadcrumb","itemListElement":[{"@type":"ListItem","position":1,"name":"Strona g\u0142\u00f3wna","item":"https:\/\/www.lingerie-avocado.pl\/"},{"@type":"ListItem","position":2,"name":"Sklep","item":"https:\/\/www.lingerie-avocado.pl\/shop\/"},{"@type":"ListItem","position":3,"name":"Matowe legginsy z efektem push-up"}]},{"@type":"WebSite","@id":"https:\/\/www.lingerie-avocado.pl\/#website","url":"https:\/\/www.lingerie-avocado.pl\/","name":"Lingerie Avocado | Odzie\u017c bezszwowa | Legginsy, Topy","description":"","publisher":{"@id":"https:\/\/www.lingerie-avocado.pl\/#organization"},"potentialAction":[{"@type":"SearchAction","target":{"@type":"EntryPoint","urlTemplate":"https:\/\/www.lingerie-avocado.pl\/?s={search_term_string}"},"query-input":"required name=search_term_string"}],"inLanguage":"uk"},{"@type":"Organization","@id":"https:\/\/www.lingerie-avocado.pl\/#organization","name":"Lingerie Avocado | Odzie\u017c bezszwowa | Legginsy, Topy","url":"https:\/\/www.lingerie-avocado.pl\/","logo":{"@type":"ImageObject","inLanguage":"uk","@id":"https:\/\/www.lingerie-avocado.pl\/#\/schema\/logo\/image\/","url":"https:\/\/www.lingerie-avocado.pl\/wp-content\/uploads\/2024\/01\/LogoAvocado-1.svg","contentUrl":"https:\/\/www.lingerie-avocado.pl\/wp-content\/uploads\/2024\/01\/LogoAvocado-1.svg","width":203,"height":68,"caption":"Lingerie Avocado | Odzie\u017c bezszwowa | Legginsy, Topy"},"image":{"@id":"https:\/\/www.lingerie-avocado.pl\/#\/schema\/logo\/image\/"}}]}},"_links":{"self":[{"href":"https:\/\/www.lingerie-avocado.pl\/ua\/wp-json\/wp\/v2\/product\/571","targetHints":{"allow":["GET"]}}],"collection":[{"href":"https:\/\/www.lingerie-avocado.pl\/ua\/wp-json\/wp\/v2\/product"}],"about":[{"href":"https:\/\/www.lingerie-avocado.pl\/ua\/wp-json\/wp\/v2\/types\/product"}],"wp:featuredmedia":[{"embeddable":true,"href":"https:\/\/www.lingerie-avocado.pl\/ua\/wp-json\/wp\/v2\/media\/596"}],"wp:attachment":[{"href":"https:\/\/www.lingerie-avocado.pl\/ua\/wp-json\/wp\/v2\/media?parent=571"}],"wp:term":[{"taxonomy":"product_cat","embeddable":true,"href":"https:\/\/www.lingerie-avocado.pl\/ua\/wp-json\/wp\/v2\/product_cat?post=571"},{"taxonomy":"product_tag","embeddable":true,"href":"https:\/\/www.lingerie-avocado.pl\/ua\/wp-json\/wp\/v2\/product_tag?post=571"}],"curies":[{"name":"wp","href":"https:\/\/api.w.org\/{rel}","templated":true}]}}