{"id":3703,"date":"2025-10-15T00:57:49","date_gmt":"2025-10-14T22:57:49","guid":{"rendered":"https:\/\/www.lingerie-avocado.pl\/?post_type=product&#038;p=3703"},"modified":"2026-03-19T20:30:19","modified_gmt":"2026-03-19T19:30:19","slug":"komplet-v-shape","status":"publish","type":"product","link":"https:\/\/www.lingerie-avocado.pl\/ua\/product\/komplet-v-shape\/","title":{"rendered":"Komplet V-Shape"},"content":{"rendered":"<p>Stylowy komplet sk\u0142ada si\u0119 z kr\u00f3tkiego crop topu z okr\u0105g\u0142ym dekoltem, delikatnym marszczeniem na biu\u015bcie i d\u0142ugimi r\u0119kawami, a tak\u017ce z wysokich leggins\u00f3w z pasem w kszta\u0142cie litery V.<\/p>\n<p>Mi\u0119kki, aksamitny w dotyku materia\u0142 wykonany w technologii bezszwowego, okr\u0105g\u0142ego tkania idealnie dopasowuje si\u0119 do cia\u0142a, nie prze\u015bwituje i zapewnia maksymalny komfort podczas ruchu.<\/p>\n<p>Top posiada wyjmowane miseczki, a legginsy \u2014 anatomiczny szew i cienki elastyczny pas, kt\u00f3ry pi\u0119knie podkre\u015bla tali\u0119 i kszta\u0142t po\u015bladk\u00f3w.<\/p>\n<p>Idealny wyb\u00f3r na trening, aktywny wypoczynek lub stylowy codzienny look.<span class=\"Apple-converted-space\">\u00a0<\/span><\/p>\n<p>Rozmiary:<\/p>\n<p>\u2022 S: OB 75\u201385 cm | OT 56\u201370 cm | OBd 85\u201397 cm<\/p>\n<p>\u2022 M: OB 85\u201395 cm | OT 70\u201375 cm | OBd 98\u2013104 cm<\/p>\n<p>\u2022 L: OB 95\u2013105 cm | OT 75\u201390 cm | OBd 105\u2013116 cm<\/p>\n<p>Zalecany wzrost:<\/p>\n<p>S \u2014 do 170 cm<\/p>\n<p>M \u2014 do 175 cm<\/p>\n<p>L \u2014 do 180 cm<\/p>","protected":false},"excerpt":{"rendered":"<p>Stylowy komplet sk\u0142ada si\u0119 z kr\u00f3tkiego crop topu z okr\u0105g\u0142ym dekoltem, delikatnym marszczeniem na biu\u015bcie i d\u0142ugimi r\u0119kawami, a tak\u017ce z wysokich leggins\u00f3w z pasem w kszta\u0142cie litery V. Mi\u0119kki, [&hellip;]<\/p>","protected":false},"featured_media":3718,"template":"","meta":[],"product_cat":[57],"product_tag":[],"class_list":{"0":"post-3703","1":"product","2":"type-product","3":"status-publish","4":"has-post-thumbnail","6":"product_cat-komplety","7":"pa_kolor-czarny","8":"pa_kolor-delikatnie-rozowy","9":"pa_kolor-kosc-sloniowa","10":"pa_kolor-rozowy","11":"pa_rozmiar-l","12":"pa_rozmiar-m","13":"pa_rozmiar-s","15":"first","16":"instock","17":"taxable","18":"shipping-taxable","19":"purchasable","20":"product-type-variable"},"yoast_head":"<!-- This site is optimized with the Yoast SEO plugin v23.3 - https:\/\/yoast.com\/wordpress\/plugins\/seo\/ -->\n<title>Komplet V-Shape - Lingerie Avocado | Odzie\u017c bezszwowa | Legginsy, Topy<\/title>\n<meta name=\"robots\" content=\"index, follow, max-snippet:-1, max-image-preview:large, max-video-preview:-1\" \/>\n<link rel=\"canonical\" href=\"https:\/\/www.lingerie-avocado.pl\/ua\/product\/komplet-v-shape\/\" \/>\n<meta property=\"og:locale\" content=\"uk_UA\" \/>\n<meta property=\"og:type\" content=\"article\" \/>\n<meta property=\"og:title\" content=\"Komplet V-Shape - Lingerie Avocado | Odzie\u017c bezszwowa | Legginsy, Topy\" \/>\n<meta property=\"og:description\" content=\"Stylowy komplet sk\u0142ada si\u0119 z kr\u00f3tkiego crop topu z okr\u0105g\u0142ym dekoltem, delikatnym marszczeniem na biu\u015bcie i d\u0142ugimi r\u0119kawami, a tak\u017ce z wysokich leggins\u00f3w z pasem w kszta\u0142cie litery V. Mi\u0119kki, [&hellip;]\" \/>\n<meta property=\"og:url\" content=\"https:\/\/www.lingerie-avocado.pl\/ua\/product\/komplet-v-shape\/\" \/>\n<meta property=\"og:site_name\" content=\"Lingerie Avocado | Odzie\u017c bezszwowa | Legginsy, Topy\" \/>\n<meta property=\"article:modified_time\" content=\"2026-03-19T19:30:19+00:00\" \/>\n<meta property=\"og:image\" content=\"https:\/\/www.lingerie-avocado.pl\/wp-content\/uploads\/2025\/10\/LA-\u0424\u043e\u0442\u043e-\u0434\u043b\u044f-\u0441\u0430\u0439\u0442\u0430-8-762x1024.png\" \/>\n\t<meta property=\"og:image:width\" content=\"762\" \/>\n\t<meta property=\"og:image:height\" content=\"1024\" \/>\n\t<meta property=\"og:image:type\" content=\"image\/png\" \/>\n<meta name=\"twitter:card\" content=\"summary_large_image\" \/>\n<meta name=\"twitter:label1\" content=\"\u041f\u0440\u0438\u0431\u043b. \u0447\u0430\u0441 \u0447\u0438\u0442\u0430\u043d\u043d\u044f\" \/>\n\t<meta name=\"twitter:data1\" content=\"2 \u0445\u0432\u0438\u043b\u0438\u043d\u0438\" \/>\n<script type=\"application\/ld+json\" class=\"yoast-schema-graph\">{\"@context\":\"https:\/\/schema.org\",\"@graph\":[{\"@type\":\"WebPage\",\"@id\":\"https:\/\/www.lingerie-avocado.pl\/produkt\/komplet-v-shape\/\",\"url\":\"https:\/\/www.lingerie-avocado.pl\/produkt\/komplet-v-shape\/\",\"name\":\"Komplet V-Shape - Lingerie Avocado | Odzie\u017c bezszwowa | Legginsy, Topy\",\"isPartOf\":{\"@id\":\"https:\/\/www.lingerie-avocado.pl\/#website\"},\"primaryImageOfPage\":{\"@id\":\"https:\/\/www.lingerie-avocado.pl\/produkt\/komplet-v-shape\/#primaryimage\"},\"image\":{\"@id\":\"https:\/\/www.lingerie-avocado.pl\/produkt\/komplet-v-shape\/#primaryimage\"},\"thumbnailUrl\":\"https:\/\/www.lingerie-avocado.pl\/wp-content\/uploads\/2025\/10\/LA-\u0424\u043e\u0442\u043e-\u0434\u043b\u044f-\u0441\u0430\u0439\u0442\u0430-8.png\",\"datePublished\":\"2025-10-14T22:57:49+00:00\",\"dateModified\":\"2026-03-19T19:30:19+00:00\",\"breadcrumb\":{\"@id\":\"https:\/\/www.lingerie-avocado.pl\/produkt\/komplet-v-shape\/#breadcrumb\"},\"inLanguage\":\"uk\",\"potentialAction\":[{\"@type\":\"ReadAction\",\"target\":[\"https:\/\/www.lingerie-avocado.pl\/produkt\/komplet-v-shape\/\"]}]},{\"@type\":\"ImageObject\",\"inLanguage\":\"uk\",\"@id\":\"https:\/\/www.lingerie-avocado.pl\/produkt\/komplet-v-shape\/#primaryimage\",\"url\":\"https:\/\/www.lingerie-avocado.pl\/wp-content\/uploads\/2025\/10\/LA-\u0424\u043e\u0442\u043e-\u0434\u043b\u044f-\u0441\u0430\u0439\u0442\u0430-8.png\",\"contentUrl\":\"https:\/\/www.lingerie-avocado.pl\/wp-content\/uploads\/2025\/10\/LA-\u0424\u043e\u0442\u043e-\u0434\u043b\u044f-\u0441\u0430\u0439\u0442\u0430-8.png\",\"width\":1176,\"height\":1581},{\"@type\":\"BreadcrumbList\",\"@id\":\"https:\/\/www.lingerie-avocado.pl\/produkt\/komplet-v-shape\/#breadcrumb\",\"itemListElement\":[{\"@type\":\"ListItem\",\"position\":1,\"name\":\"Strona g\u0142\u00f3wna\",\"item\":\"https:\/\/www.lingerie-avocado.pl\/\"},{\"@type\":\"ListItem\",\"position\":2,\"name\":\"Sklep\",\"item\":\"https:\/\/www.lingerie-avocado.pl\/shop\/\"},{\"@type\":\"ListItem\",\"position\":3,\"name\":\"Komplet V-Shape\"}]},{\"@type\":\"WebSite\",\"@id\":\"https:\/\/www.lingerie-avocado.pl\/#website\",\"url\":\"https:\/\/www.lingerie-avocado.pl\/\",\"name\":\"Lingerie Avocado | Odzie\u017c bezszwowa | Legginsy, Topy\",\"description\":\"\",\"publisher\":{\"@id\":\"https:\/\/www.lingerie-avocado.pl\/#organization\"},\"potentialAction\":[{\"@type\":\"SearchAction\",\"target\":{\"@type\":\"EntryPoint\",\"urlTemplate\":\"https:\/\/www.lingerie-avocado.pl\/?s={search_term_string}\"},\"query-input\":\"required name=search_term_string\"}],\"inLanguage\":\"uk\"},{\"@type\":\"Organization\",\"@id\":\"https:\/\/www.lingerie-avocado.pl\/#organization\",\"name\":\"Lingerie Avocado | Odzie\u017c bezszwowa | Legginsy, Topy\",\"url\":\"https:\/\/www.lingerie-avocado.pl\/\",\"logo\":{\"@type\":\"ImageObject\",\"inLanguage\":\"uk\",\"@id\":\"https:\/\/www.lingerie-avocado.pl\/#\/schema\/logo\/image\/\",\"url\":\"https:\/\/www.lingerie-avocado.pl\/wp-content\/uploads\/2024\/01\/LogoAvocado-1.svg\",\"contentUrl\":\"https:\/\/www.lingerie-avocado.pl\/wp-content\/uploads\/2024\/01\/LogoAvocado-1.svg\",\"width\":203,\"height\":68,\"caption\":\"Lingerie Avocado | Odzie\u017c bezszwowa | Legginsy, Topy\"},\"image\":{\"@id\":\"https:\/\/www.lingerie-avocado.pl\/#\/schema\/logo\/image\/\"}}]}<\/script>\n<!-- \/ Yoast SEO plugin. -->","yoast_head_json":{"title":"Komplet V-Shape - Lingerie Avocado | Odzie\u017c bezszwowa | Legginsy, Topy","robots":{"index":"index","follow":"follow","max-snippet":"max-snippet:-1","max-image-preview":"max-image-preview:large","max-video-preview":"max-video-preview:-1"},"canonical":"https:\/\/www.lingerie-avocado.pl\/ua\/product\/komplet-v-shape\/","og_locale":"uk_UA","og_type":"article","og_title":"Komplet V-Shape - Lingerie Avocado | Odzie\u017c bezszwowa | Legginsy, Topy","og_description":"Stylowy komplet sk\u0142ada si\u0119 z kr\u00f3tkiego crop topu z okr\u0105g\u0142ym dekoltem, delikatnym marszczeniem na biu\u015bcie i d\u0142ugimi r\u0119kawami, a tak\u017ce z wysokich leggins\u00f3w z pasem w kszta\u0142cie litery V. Mi\u0119kki, [&hellip;]","og_url":"https:\/\/www.lingerie-avocado.pl\/ua\/product\/komplet-v-shape\/","og_site_name":"Lingerie Avocado | Odzie\u017c bezszwowa | Legginsy, Topy","article_modified_time":"2026-03-19T19:30:19+00:00","og_image":[{"width":762,"height":1024,"url":"https:\/\/www.lingerie-avocado.pl\/wp-content\/uploads\/2025\/10\/LA-\u0424\u043e\u0442\u043e-\u0434\u043b\u044f-\u0441\u0430\u0439\u0442\u0430-8-762x1024.png","type":"image\/png"}],"twitter_card":"summary_large_image","twitter_misc":{"\u041f\u0440\u0438\u0431\u043b. \u0447\u0430\u0441 \u0447\u0438\u0442\u0430\u043d\u043d\u044f":"2 \u0445\u0432\u0438\u043b\u0438\u043d\u0438"},"schema":{"@context":"https:\/\/schema.org","@graph":[{"@type":"WebPage","@id":"https:\/\/www.lingerie-avocado.pl\/produkt\/komplet-v-shape\/","url":"https:\/\/www.lingerie-avocado.pl\/produkt\/komplet-v-shape\/","name":"Komplet V-Shape - Lingerie Avocado | Odzie\u017c bezszwowa | Legginsy, Topy","isPartOf":{"@id":"https:\/\/www.lingerie-avocado.pl\/#website"},"primaryImageOfPage":{"@id":"https:\/\/www.lingerie-avocado.pl\/produkt\/komplet-v-shape\/#primaryimage"},"image":{"@id":"https:\/\/www.lingerie-avocado.pl\/produkt\/komplet-v-shape\/#primaryimage"},"thumbnailUrl":"https:\/\/www.lingerie-avocado.pl\/wp-content\/uploads\/2025\/10\/LA-\u0424\u043e\u0442\u043e-\u0434\u043b\u044f-\u0441\u0430\u0439\u0442\u0430-8.png","datePublished":"2025-10-14T22:57:49+00:00","dateModified":"2026-03-19T19:30:19+00:00","breadcrumb":{"@id":"https:\/\/www.lingerie-avocado.pl\/produkt\/komplet-v-shape\/#breadcrumb"},"inLanguage":"uk","potentialAction":[{"@type":"ReadAction","target":["https:\/\/www.lingerie-avocado.pl\/produkt\/komplet-v-shape\/"]}]},{"@type":"ImageObject","inLanguage":"uk","@id":"https:\/\/www.lingerie-avocado.pl\/produkt\/komplet-v-shape\/#primaryimage","url":"https:\/\/www.lingerie-avocado.pl\/wp-content\/uploads\/2025\/10\/LA-\u0424\u043e\u0442\u043e-\u0434\u043b\u044f-\u0441\u0430\u0439\u0442\u0430-8.png","contentUrl":"https:\/\/www.lingerie-avocado.pl\/wp-content\/uploads\/2025\/10\/LA-\u0424\u043e\u0442\u043e-\u0434\u043b\u044f-\u0441\u0430\u0439\u0442\u0430-8.png","width":1176,"height":1581},{"@type":"BreadcrumbList","@id":"https:\/\/www.lingerie-avocado.pl\/produkt\/komplet-v-shape\/#breadcrumb","itemListElement":[{"@type":"ListItem","position":1,"name":"Strona g\u0142\u00f3wna","item":"https:\/\/www.lingerie-avocado.pl\/"},{"@type":"ListItem","position":2,"name":"Sklep","item":"https:\/\/www.lingerie-avocado.pl\/shop\/"},{"@type":"ListItem","position":3,"name":"Komplet V-Shape"}]},{"@type":"WebSite","@id":"https:\/\/www.lingerie-avocado.pl\/#website","url":"https:\/\/www.lingerie-avocado.pl\/","name":"Lingerie Avocado | Odzie\u017c bezszwowa | Legginsy, Topy","description":"","publisher":{"@id":"https:\/\/www.lingerie-avocado.pl\/#organization"},"potentialAction":[{"@type":"SearchAction","target":{"@type":"EntryPoint","urlTemplate":"https:\/\/www.lingerie-avocado.pl\/?s={search_term_string}"},"query-input":"required name=search_term_string"}],"inLanguage":"uk"},{"@type":"Organization","@id":"https:\/\/www.lingerie-avocado.pl\/#organization","name":"Lingerie Avocado | Odzie\u017c bezszwowa | Legginsy, Topy","url":"https:\/\/www.lingerie-avocado.pl\/","logo":{"@type":"ImageObject","inLanguage":"uk","@id":"https:\/\/www.lingerie-avocado.pl\/#\/schema\/logo\/image\/","url":"https:\/\/www.lingerie-avocado.pl\/wp-content\/uploads\/2024\/01\/LogoAvocado-1.svg","contentUrl":"https:\/\/www.lingerie-avocado.pl\/wp-content\/uploads\/2024\/01\/LogoAvocado-1.svg","width":203,"height":68,"caption":"Lingerie Avocado | Odzie\u017c bezszwowa | Legginsy, Topy"},"image":{"@id":"https:\/\/www.lingerie-avocado.pl\/#\/schema\/logo\/image\/"}}]}},"_links":{"self":[{"href":"https:\/\/www.lingerie-avocado.pl\/ua\/wp-json\/wp\/v2\/product\/3703","targetHints":{"allow":["GET"]}}],"collection":[{"href":"https:\/\/www.lingerie-avocado.pl\/ua\/wp-json\/wp\/v2\/product"}],"about":[{"href":"https:\/\/www.lingerie-avocado.pl\/ua\/wp-json\/wp\/v2\/types\/product"}],"wp:featuredmedia":[{"embeddable":true,"href":"https:\/\/www.lingerie-avocado.pl\/ua\/wp-json\/wp\/v2\/media\/3718"}],"wp:attachment":[{"href":"https:\/\/www.lingerie-avocado.pl\/ua\/wp-json\/wp\/v2\/media?parent=3703"}],"wp:term":[{"taxonomy":"product_cat","embeddable":true,"href":"https:\/\/www.lingerie-avocado.pl\/ua\/wp-json\/wp\/v2\/product_cat?post=3703"},{"taxonomy":"product_tag","embeddable":true,"href":"https:\/\/www.lingerie-avocado.pl\/ua\/wp-json\/wp\/v2\/product_tag?post=3703"}],"curies":[{"name":"wp","href":"https:\/\/api.w.org\/{rel}","templated":true}]}}