{"id":3650,"date":"2025-09-10T18:41:08","date_gmt":"2025-09-10T16:41:08","guid":{"rendered":"https:\/\/www.lingerie-avocado.pl\/?post_type=product&#038;p=3650"},"modified":"2026-04-21T20:37:23","modified_gmt":"2026-04-21T18:37:23","slug":"komplet-luma-krotki-top-z-krotkim-rekawem-legginsy","status":"publish","type":"product","link":"https:\/\/www.lingerie-avocado.pl\/ua\/product\/komplet-luma-krotki-top-z-krotkim-rekawem-legginsy\/","title":{"rendered":"Komplet Luma: kr\u00f3tki top z kr\u00f3tkim r\u0119kawem + legginsy"},"content":{"rendered":"<p>Sportowy komplet sk\u0142ada si\u0119 z kr\u00f3tkiego topu typu crop z kr\u00f3tkim r\u0119kawem i okr\u0105g\u0142ym dekoltem pod szyj\u0119 oraz leggins\u00f3w z dekoracyjnymi przeszyciami i wstawkami, kt\u00f3re doskonale podkre\u015blaj\u0105 po\u015bladki, nie powoduj\u0105 przegrzewania i pozwalaj\u0105 sk\u00f3rze oddycha\u0107, zapewniaj\u0105c maksymalny komfort podczas treningu.<br \/>\nLegginsy maj\u0105 g\u0142adki, wygodny pas z wszyt\u0105 elastyczn\u0105 gumk\u0105, bez klinu.<\/p>\n<p>W tym komplecie mo\u017cesz \u0107wiczy\u0107 sport, fitness lub jog\u0119 z pe\u0142n\u0105 swobod\u0105 ruchu i komfortem.<\/p>\n<p><strong>Tabela rozmiar\u00f3w<\/strong><\/p>\n<p><strong>S<\/strong>: OB 75\u201385<br \/>\nOT 56\u201370<br \/>\nOBD 85\u201396<\/p>\n<p><strong>M<\/strong>: OB 85\u201395<br \/>\nOT 70\u201375<br \/>\nOBD 97\u2013105<\/p>\n<p><strong>L<\/strong>: OB 95\u2013105<br \/>\nOT 75\u201390<br \/>\nOBD 105\u2013112<\/p>\n<p>Na wzrost:<\/p>\n<p><strong>S<\/strong> do 170 cm \u00a0 <strong>M<\/strong> do 175 cm \u00a0 <strong>L<\/strong> do 180 cm<\/p>\n<p>OT \u2013 obw\u00f3d talii<\/p>\n<p>OBD \u2013 obw\u00f3d bioder<\/p>\n<p>OB \u2013 obw\u00f3d biustu<\/p>","protected":false},"excerpt":{"rendered":"<p>Sportowy komplet sk\u0142ada si\u0119 z kr\u00f3tkiego topu typu crop z kr\u00f3tkim r\u0119kawem i okr\u0105g\u0142ym dekoltem pod szyj\u0119 oraz leggins\u00f3w z dekoracyjnymi przeszyciami i wstawkami, kt\u00f3re doskonale podkre\u015blaj\u0105 po\u015bladki, nie powoduj\u0105 [&hellip;]<\/p>","protected":false},"featured_media":3649,"template":"","meta":[],"product_cat":[57],"product_tag":[],"class_list":{"0":"post-3650","1":"product","2":"type-product","3":"status-publish","4":"has-post-thumbnail","6":"product_cat-komplety","7":"pa_kolor-kosc-sloniowa","8":"pa_kolor-czarny","9":"pa_kolor-czekoladowy","10":"pa_kolor-grafitowy","11":"pa_kolor-czerwony","12":"pa_rozmiar-s","13":"pa_rozmiar-m","14":"pa_rozmiar-l","16":"first","17":"instock","18":"taxable","19":"shipping-taxable","20":"purchasable","21":"product-type-variable","22":"has-default-attributes"},"yoast_head":"<!-- This site is optimized with the Yoast SEO plugin v23.3 - https:\/\/yoast.com\/wordpress\/plugins\/seo\/ -->\n<title>Komplet Luma: kr\u00f3tki top z kr\u00f3tkim r\u0119kawem + legginsy - Lingerie Avocado | Odzie\u017c bezszwowa | Legginsy, Topy<\/title>\n<meta name=\"robots\" content=\"index, follow, max-snippet:-1, max-image-preview:large, max-video-preview:-1\" \/>\n<link rel=\"canonical\" href=\"https:\/\/www.lingerie-avocado.pl\/ua\/product\/komplet-luma-krotki-top-z-krotkim-rekawem-legginsy\/\" \/>\n<meta property=\"og:locale\" content=\"uk_UA\" \/>\n<meta property=\"og:type\" content=\"article\" \/>\n<meta property=\"og:title\" content=\"Komplet Luma: kr\u00f3tki top z kr\u00f3tkim r\u0119kawem + legginsy - Lingerie Avocado | Odzie\u017c bezszwowa | Legginsy, Topy\" \/>\n<meta property=\"og:description\" content=\"Sportowy komplet sk\u0142ada si\u0119 z kr\u00f3tkiego topu typu crop z kr\u00f3tkim r\u0119kawem i okr\u0105g\u0142ym dekoltem pod szyj\u0119 oraz leggins\u00f3w z dekoracyjnymi przeszyciami i wstawkami, kt\u00f3re doskonale podkre\u015blaj\u0105 po\u015bladki, nie powoduj\u0105 [&hellip;]\" \/>\n<meta property=\"og:url\" content=\"https:\/\/www.lingerie-avocado.pl\/ua\/product\/komplet-luma-krotki-top-z-krotkim-rekawem-legginsy\/\" \/>\n<meta property=\"og:site_name\" content=\"Lingerie Avocado | Odzie\u017c bezszwowa | Legginsy, Topy\" \/>\n<meta property=\"article:modified_time\" content=\"2026-04-21T18:37:23+00:00\" \/>\n<meta property=\"og:image\" content=\"https:\/\/www.lingerie-avocado.pl\/wp-content\/uploads\/2025\/09\/LA-\u0424\u043e\u0442\u043e-\u0434\u043b\u044f-\u0441\u0430\u0439\u0442\u0430-93.png\" \/>\n\t<meta property=\"og:image:width\" content=\"1176\" \/>\n\t<meta property=\"og:image:height\" content=\"1581\" \/>\n\t<meta property=\"og:image:type\" content=\"image\/png\" \/>\n<meta name=\"twitter:card\" content=\"summary_large_image\" \/>\n<meta name=\"twitter:label1\" content=\"\u041f\u0440\u0438\u0431\u043b. \u0447\u0430\u0441 \u0447\u0438\u0442\u0430\u043d\u043d\u044f\" \/>\n\t<meta name=\"twitter:data1\" content=\"1 \u0445\u0432\u0438\u043b\u0438\u043d\u0430\" \/>\n<script type=\"application\/ld+json\" class=\"yoast-schema-graph\">{\"@context\":\"https:\/\/schema.org\",\"@graph\":[{\"@type\":\"WebPage\",\"@id\":\"https:\/\/www.lingerie-avocado.pl\/produkt\/komplet-luma-krotki-top-z-krotkim-rekawem-legginsy\/\",\"url\":\"https:\/\/www.lingerie-avocado.pl\/produkt\/komplet-luma-krotki-top-z-krotkim-rekawem-legginsy\/\",\"name\":\"Komplet Luma: kr\u00f3tki top z kr\u00f3tkim r\u0119kawem + legginsy - Lingerie Avocado | Odzie\u017c bezszwowa | Legginsy, Topy\",\"isPartOf\":{\"@id\":\"https:\/\/www.lingerie-avocado.pl\/#website\"},\"primaryImageOfPage\":{\"@id\":\"https:\/\/www.lingerie-avocado.pl\/produkt\/komplet-luma-krotki-top-z-krotkim-rekawem-legginsy\/#primaryimage\"},\"image\":{\"@id\":\"https:\/\/www.lingerie-avocado.pl\/produkt\/komplet-luma-krotki-top-z-krotkim-rekawem-legginsy\/#primaryimage\"},\"thumbnailUrl\":\"https:\/\/www.lingerie-avocado.pl\/wp-content\/uploads\/2025\/09\/LA-\u0424\u043e\u0442\u043e-\u0434\u043b\u044f-\u0441\u0430\u0439\u0442\u0430-93.png\",\"datePublished\":\"2025-09-10T16:41:08+00:00\",\"dateModified\":\"2026-04-21T18:37:23+00:00\",\"breadcrumb\":{\"@id\":\"https:\/\/www.lingerie-avocado.pl\/produkt\/komplet-luma-krotki-top-z-krotkim-rekawem-legginsy\/#breadcrumb\"},\"inLanguage\":\"uk\",\"potentialAction\":[{\"@type\":\"ReadAction\",\"target\":[\"https:\/\/www.lingerie-avocado.pl\/produkt\/komplet-luma-krotki-top-z-krotkim-rekawem-legginsy\/\"]}]},{\"@type\":\"ImageObject\",\"inLanguage\":\"uk\",\"@id\":\"https:\/\/www.lingerie-avocado.pl\/produkt\/komplet-luma-krotki-top-z-krotkim-rekawem-legginsy\/#primaryimage\",\"url\":\"https:\/\/www.lingerie-avocado.pl\/wp-content\/uploads\/2025\/09\/LA-\u0424\u043e\u0442\u043e-\u0434\u043b\u044f-\u0441\u0430\u0439\u0442\u0430-93.png\",\"contentUrl\":\"https:\/\/www.lingerie-avocado.pl\/wp-content\/uploads\/2025\/09\/LA-\u0424\u043e\u0442\u043e-\u0434\u043b\u044f-\u0441\u0430\u0439\u0442\u0430-93.png\",\"width\":1176,\"height\":1581},{\"@type\":\"BreadcrumbList\",\"@id\":\"https:\/\/www.lingerie-avocado.pl\/produkt\/komplet-luma-krotki-top-z-krotkim-rekawem-legginsy\/#breadcrumb\",\"itemListElement\":[{\"@type\":\"ListItem\",\"position\":1,\"name\":\"Strona g\u0142\u00f3wna\",\"item\":\"https:\/\/www.lingerie-avocado.pl\/\"},{\"@type\":\"ListItem\",\"position\":2,\"name\":\"Sklep\",\"item\":\"https:\/\/www.lingerie-avocado.pl\/shop\/\"},{\"@type\":\"ListItem\",\"position\":3,\"name\":\"Komplet Luma: kr\u00f3tki top z kr\u00f3tkim r\u0119kawem + legginsy\"}]},{\"@type\":\"WebSite\",\"@id\":\"https:\/\/www.lingerie-avocado.pl\/#website\",\"url\":\"https:\/\/www.lingerie-avocado.pl\/\",\"name\":\"Lingerie Avocado | Odzie\u017c bezszwowa | Legginsy, Topy\",\"description\":\"\",\"publisher\":{\"@id\":\"https:\/\/www.lingerie-avocado.pl\/#organization\"},\"potentialAction\":[{\"@type\":\"SearchAction\",\"target\":{\"@type\":\"EntryPoint\",\"urlTemplate\":\"https:\/\/www.lingerie-avocado.pl\/?s={search_term_string}\"},\"query-input\":\"required name=search_term_string\"}],\"inLanguage\":\"uk\"},{\"@type\":\"Organization\",\"@id\":\"https:\/\/www.lingerie-avocado.pl\/#organization\",\"name\":\"Lingerie Avocado | Odzie\u017c bezszwowa | Legginsy, Topy\",\"url\":\"https:\/\/www.lingerie-avocado.pl\/\",\"logo\":{\"@type\":\"ImageObject\",\"inLanguage\":\"uk\",\"@id\":\"https:\/\/www.lingerie-avocado.pl\/#\/schema\/logo\/image\/\",\"url\":\"https:\/\/www.lingerie-avocado.pl\/wp-content\/uploads\/2024\/01\/LogoAvocado-1.svg\",\"contentUrl\":\"https:\/\/www.lingerie-avocado.pl\/wp-content\/uploads\/2024\/01\/LogoAvocado-1.svg\",\"width\":203,\"height\":68,\"caption\":\"Lingerie Avocado | Odzie\u017c bezszwowa | Legginsy, Topy\"},\"image\":{\"@id\":\"https:\/\/www.lingerie-avocado.pl\/#\/schema\/logo\/image\/\"}}]}<\/script>\n<!-- \/ Yoast SEO plugin. -->","yoast_head_json":{"title":"Komplet Luma: kr\u00f3tki top z kr\u00f3tkim r\u0119kawem + legginsy - Lingerie Avocado | Odzie\u017c bezszwowa | Legginsy, Topy","robots":{"index":"index","follow":"follow","max-snippet":"max-snippet:-1","max-image-preview":"max-image-preview:large","max-video-preview":"max-video-preview:-1"},"canonical":"https:\/\/www.lingerie-avocado.pl\/ua\/product\/komplet-luma-krotki-top-z-krotkim-rekawem-legginsy\/","og_locale":"uk_UA","og_type":"article","og_title":"Komplet Luma: kr\u00f3tki top z kr\u00f3tkim r\u0119kawem + legginsy - Lingerie Avocado | Odzie\u017c bezszwowa | Legginsy, Topy","og_description":"Sportowy komplet sk\u0142ada si\u0119 z kr\u00f3tkiego topu typu crop z kr\u00f3tkim r\u0119kawem i okr\u0105g\u0142ym dekoltem pod szyj\u0119 oraz leggins\u00f3w z dekoracyjnymi przeszyciami i wstawkami, kt\u00f3re doskonale podkre\u015blaj\u0105 po\u015bladki, nie powoduj\u0105 [&hellip;]","og_url":"https:\/\/www.lingerie-avocado.pl\/ua\/product\/komplet-luma-krotki-top-z-krotkim-rekawem-legginsy\/","og_site_name":"Lingerie Avocado | Odzie\u017c bezszwowa | Legginsy, Topy","article_modified_time":"2026-04-21T18:37:23+00:00","og_image":[{"width":1176,"height":1581,"url":"https:\/\/www.lingerie-avocado.pl\/wp-content\/uploads\/2025\/09\/LA-\u0424\u043e\u0442\u043e-\u0434\u043b\u044f-\u0441\u0430\u0439\u0442\u0430-93.png","type":"image\/png"}],"twitter_card":"summary_large_image","twitter_misc":{"\u041f\u0440\u0438\u0431\u043b. \u0447\u0430\u0441 \u0447\u0438\u0442\u0430\u043d\u043d\u044f":"1 \u0445\u0432\u0438\u043b\u0438\u043d\u0430"},"schema":{"@context":"https:\/\/schema.org","@graph":[{"@type":"WebPage","@id":"https:\/\/www.lingerie-avocado.pl\/produkt\/komplet-luma-krotki-top-z-krotkim-rekawem-legginsy\/","url":"https:\/\/www.lingerie-avocado.pl\/produkt\/komplet-luma-krotki-top-z-krotkim-rekawem-legginsy\/","name":"Komplet Luma: kr\u00f3tki top z kr\u00f3tkim r\u0119kawem + legginsy - Lingerie Avocado | Odzie\u017c bezszwowa | Legginsy, Topy","isPartOf":{"@id":"https:\/\/www.lingerie-avocado.pl\/#website"},"primaryImageOfPage":{"@id":"https:\/\/www.lingerie-avocado.pl\/produkt\/komplet-luma-krotki-top-z-krotkim-rekawem-legginsy\/#primaryimage"},"image":{"@id":"https:\/\/www.lingerie-avocado.pl\/produkt\/komplet-luma-krotki-top-z-krotkim-rekawem-legginsy\/#primaryimage"},"thumbnailUrl":"https:\/\/www.lingerie-avocado.pl\/wp-content\/uploads\/2025\/09\/LA-\u0424\u043e\u0442\u043e-\u0434\u043b\u044f-\u0441\u0430\u0439\u0442\u0430-93.png","datePublished":"2025-09-10T16:41:08+00:00","dateModified":"2026-04-21T18:37:23+00:00","breadcrumb":{"@id":"https:\/\/www.lingerie-avocado.pl\/produkt\/komplet-luma-krotki-top-z-krotkim-rekawem-legginsy\/#breadcrumb"},"inLanguage":"uk","potentialAction":[{"@type":"ReadAction","target":["https:\/\/www.lingerie-avocado.pl\/produkt\/komplet-luma-krotki-top-z-krotkim-rekawem-legginsy\/"]}]},{"@type":"ImageObject","inLanguage":"uk","@id":"https:\/\/www.lingerie-avocado.pl\/produkt\/komplet-luma-krotki-top-z-krotkim-rekawem-legginsy\/#primaryimage","url":"https:\/\/www.lingerie-avocado.pl\/wp-content\/uploads\/2025\/09\/LA-\u0424\u043e\u0442\u043e-\u0434\u043b\u044f-\u0441\u0430\u0439\u0442\u0430-93.png","contentUrl":"https:\/\/www.lingerie-avocado.pl\/wp-content\/uploads\/2025\/09\/LA-\u0424\u043e\u0442\u043e-\u0434\u043b\u044f-\u0441\u0430\u0439\u0442\u0430-93.png","width":1176,"height":1581},{"@type":"BreadcrumbList","@id":"https:\/\/www.lingerie-avocado.pl\/produkt\/komplet-luma-krotki-top-z-krotkim-rekawem-legginsy\/#breadcrumb","itemListElement":[{"@type":"ListItem","position":1,"name":"Strona g\u0142\u00f3wna","item":"https:\/\/www.lingerie-avocado.pl\/"},{"@type":"ListItem","position":2,"name":"Sklep","item":"https:\/\/www.lingerie-avocado.pl\/shop\/"},{"@type":"ListItem","position":3,"name":"Komplet Luma: kr\u00f3tki top z kr\u00f3tkim r\u0119kawem + legginsy"}]},{"@type":"WebSite","@id":"https:\/\/www.lingerie-avocado.pl\/#website","url":"https:\/\/www.lingerie-avocado.pl\/","name":"Lingerie Avocado | Odzie\u017c bezszwowa | Legginsy, Topy","description":"","publisher":{"@id":"https:\/\/www.lingerie-avocado.pl\/#organization"},"potentialAction":[{"@type":"SearchAction","target":{"@type":"EntryPoint","urlTemplate":"https:\/\/www.lingerie-avocado.pl\/?s={search_term_string}"},"query-input":"required name=search_term_string"}],"inLanguage":"uk"},{"@type":"Organization","@id":"https:\/\/www.lingerie-avocado.pl\/#organization","name":"Lingerie Avocado | Odzie\u017c bezszwowa | Legginsy, Topy","url":"https:\/\/www.lingerie-avocado.pl\/","logo":{"@type":"ImageObject","inLanguage":"uk","@id":"https:\/\/www.lingerie-avocado.pl\/#\/schema\/logo\/image\/","url":"https:\/\/www.lingerie-avocado.pl\/wp-content\/uploads\/2024\/01\/LogoAvocado-1.svg","contentUrl":"https:\/\/www.lingerie-avocado.pl\/wp-content\/uploads\/2024\/01\/LogoAvocado-1.svg","width":203,"height":68,"caption":"Lingerie Avocado | Odzie\u017c bezszwowa | Legginsy, Topy"},"image":{"@id":"https:\/\/www.lingerie-avocado.pl\/#\/schema\/logo\/image\/"}}]}},"_links":{"self":[{"href":"https:\/\/www.lingerie-avocado.pl\/ua\/wp-json\/wp\/v2\/product\/3650","targetHints":{"allow":["GET"]}}],"collection":[{"href":"https:\/\/www.lingerie-avocado.pl\/ua\/wp-json\/wp\/v2\/product"}],"about":[{"href":"https:\/\/www.lingerie-avocado.pl\/ua\/wp-json\/wp\/v2\/types\/product"}],"wp:featuredmedia":[{"embeddable":true,"href":"https:\/\/www.lingerie-avocado.pl\/ua\/wp-json\/wp\/v2\/media\/3649"}],"wp:attachment":[{"href":"https:\/\/www.lingerie-avocado.pl\/ua\/wp-json\/wp\/v2\/media?parent=3650"}],"wp:term":[{"taxonomy":"product_cat","embeddable":true,"href":"https:\/\/www.lingerie-avocado.pl\/ua\/wp-json\/wp\/v2\/product_cat?post=3650"},{"taxonomy":"product_tag","embeddable":true,"href":"https:\/\/www.lingerie-avocado.pl\/ua\/wp-json\/wp\/v2\/product_tag?post=3650"}],"curies":[{"name":"wp","href":"https:\/\/api.w.org\/{rel}","templated":true}]}}