{"id":3125,"date":"2025-02-10T23:08:58","date_gmt":"2025-02-10T22:08:58","guid":{"rendered":"https:\/\/www.lingerie-avocado.pl\/?post_type=product&#038;p=3125"},"modified":"2026-02-13T00:19:26","modified_gmt":"2026-02-12T23:19:26","slug":"kombinezon-muse","status":"publish","type":"product","link":"https:\/\/www.lingerie-avocado.pl\/ua\/product\/kombinezon-muse\/","title":{"rendered":"Kombinezon Muse"},"content":{"rendered":"<p><strong><em>Kombinezon Muse<\/em><\/strong><\/p>\n<p>\u2714\ufe0fTkanina Elasoft \u2013 lekka, elastyczna, niczym druga sk\u00f3ra. Nie wch\u0142ania wilgoci i b\u0142yskawicznie schnie.<\/p>\n<p>\u2714\ufe0fPrzemy\u015blane linie szw\u00f3w \u2013 podkre\u015blaj\u0105 kszta\u0142ty cia\u0142a, tworz\u0105c eleganck\u0105 sylwetk\u0119.<\/p>\n<p>\u2714\ufe0fWyjmowane miseczki \u2013 zapewniaj\u0105 maksymalny komfort i wsparcie.<\/p>\n<p>\u2714\ufe0fOtwarty ty\u0142 \u2013 dla gracji i swobody w ka\u017cdym ruchu.<\/p>\n<p><strong>Wymiary:<\/strong><\/p>\n<p>S:<br \/>\nObw\u00f3d klatki piersiowej 75-85 cm<\/p>\n<p>Obw\u00f3d talii 56-70 cm<\/p>\n<p>Obw\u00f3d bioder 85-95 cm<\/p>\n<p>M:<\/p>\n<p>Obw\u00f3d klatki piersiowej 85-95 cm<\/p>\n<p>Obw\u00f3d talii 70-75 cm<\/p>\n<p>Obw\u00f3d bioder 95-103 cm<\/p>\n<p>L:<\/p>\n<p>Obw\u00f3d klatki piersiowej 95-105 cm<\/p>\n<p>Obw\u00f3d talii 75-90 cm<\/p>\n<p>Obw\u00f3d bioder 99-108 cm<\/p>\n<p>Wzrost:<\/p>\n<p>S do 170 cm<\/p>\n<p>M do 175 cm<\/p>\n<p>L do 180 cm<\/p>\n<p>&nbsp;<\/p>\n<p>&nbsp;<\/p>","protected":false},"excerpt":{"rendered":"<p>Kombinezon Muse \u2714\ufe0fTkanina Elasoft \u2013 lekka, elastyczna, niczym druga sk\u00f3ra. Nie wch\u0142ania wilgoci i b\u0142yskawicznie schnie. \u2714\ufe0fPrzemy\u015blane linie szw\u00f3w \u2013 podkre\u015blaj\u0105 kszta\u0142ty cia\u0142a, tworz\u0105c eleganck\u0105 sylwetk\u0119. \u2714\ufe0fWyjmowane miseczki \u2013 zapewniaj\u0105 [&hellip;]<\/p>","protected":false},"featured_media":3814,"template":"","meta":[],"product_cat":[102],"product_tag":[],"class_list":{"0":"post-3125","1":"product","2":"type-product","3":"status-publish","4":"has-post-thumbnail","6":"product_cat-kombinezony","7":"pa_kolor-kosc-sloniowa","8":"pa_kolor-czarny","9":"pa_kolor-grafitowy","10":"pa_kolor-niebieski","11":"pa_kolor-delikatnie-lawendowy","12":"pa_kolor-iemnoniebieski","13":"pa_rozmiar-s","14":"pa_rozmiar-m","15":"pa_rozmiar-l","17":"first","18":"instock","19":"taxable","20":"shipping-taxable","21":"purchasable","22":"product-type-variable"},"yoast_head":"<!-- This site is optimized with the Yoast SEO plugin v23.3 - https:\/\/yoast.com\/wordpress\/plugins\/seo\/ -->\n<title>Kombinezon Muse - Lingerie Avocado | Odzie\u017c bezszwowa | Legginsy, Topy<\/title>\n<meta name=\"robots\" content=\"index, follow, max-snippet:-1, max-image-preview:large, max-video-preview:-1\" \/>\n<link rel=\"canonical\" href=\"https:\/\/www.lingerie-avocado.pl\/ua\/product\/kombinezon-muse\/\" \/>\n<meta property=\"og:locale\" content=\"uk_UA\" \/>\n<meta property=\"og:type\" content=\"article\" \/>\n<meta property=\"og:title\" content=\"Kombinezon Muse - Lingerie Avocado | Odzie\u017c bezszwowa | Legginsy, Topy\" \/>\n<meta property=\"og:description\" content=\"Kombinezon Muse \u2714\ufe0fTkanina Elasoft \u2013 lekka, elastyczna, niczym druga sk\u00f3ra. Nie wch\u0142ania wilgoci i b\u0142yskawicznie schnie. \u2714\ufe0fPrzemy\u015blane linie szw\u00f3w \u2013 podkre\u015blaj\u0105 kszta\u0142ty cia\u0142a, tworz\u0105c eleganck\u0105 sylwetk\u0119. \u2714\ufe0fWyjmowane miseczki \u2013 zapewniaj\u0105 [&hellip;]\" \/>\n<meta property=\"og:url\" content=\"https:\/\/www.lingerie-avocado.pl\/ua\/product\/kombinezon-muse\/\" \/>\n<meta property=\"og:site_name\" content=\"Lingerie Avocado | Odzie\u017c bezszwowa | Legginsy, Topy\" \/>\n<meta property=\"article:modified_time\" content=\"2026-02-12T23:19:26+00:00\" \/>\n<meta property=\"og:image\" content=\"https:\/\/www.lingerie-avocado.pl\/wp-content\/uploads\/2025\/02\/IMG_0042-scaled.jpeg\" \/>\n\t<meta property=\"og:image:width\" content=\"1920\" \/>\n\t<meta property=\"og:image:height\" content=\"2560\" \/>\n\t<meta property=\"og:image:type\" content=\"image\/jpeg\" \/>\n<meta name=\"twitter:card\" content=\"summary_large_image\" \/>\n<meta name=\"twitter:label1\" content=\"\u041f\u0440\u0438\u0431\u043b. \u0447\u0430\u0441 \u0447\u0438\u0442\u0430\u043d\u043d\u044f\" \/>\n\t<meta name=\"twitter:data1\" content=\"1 \u0445\u0432\u0438\u043b\u0438\u043d\u0430\" \/>\n<script type=\"application\/ld+json\" class=\"yoast-schema-graph\">{\"@context\":\"https:\/\/schema.org\",\"@graph\":[{\"@type\":\"WebPage\",\"@id\":\"https:\/\/www.lingerie-avocado.pl\/produkt\/kombinezon-muse\/\",\"url\":\"https:\/\/www.lingerie-avocado.pl\/produkt\/kombinezon-muse\/\",\"name\":\"Kombinezon Muse - Lingerie Avocado | Odzie\u017c bezszwowa | Legginsy, Topy\",\"isPartOf\":{\"@id\":\"https:\/\/www.lingerie-avocado.pl\/#website\"},\"primaryImageOfPage\":{\"@id\":\"https:\/\/www.lingerie-avocado.pl\/produkt\/kombinezon-muse\/#primaryimage\"},\"image\":{\"@id\":\"https:\/\/www.lingerie-avocado.pl\/produkt\/kombinezon-muse\/#primaryimage\"},\"thumbnailUrl\":\"https:\/\/www.lingerie-avocado.pl\/wp-content\/uploads\/2025\/02\/IMG_0042-scaled.jpeg\",\"datePublished\":\"2025-02-10T22:08:58+00:00\",\"dateModified\":\"2026-02-12T23:19:26+00:00\",\"breadcrumb\":{\"@id\":\"https:\/\/www.lingerie-avocado.pl\/produkt\/kombinezon-muse\/#breadcrumb\"},\"inLanguage\":\"uk\",\"potentialAction\":[{\"@type\":\"ReadAction\",\"target\":[\"https:\/\/www.lingerie-avocado.pl\/produkt\/kombinezon-muse\/\"]}]},{\"@type\":\"ImageObject\",\"inLanguage\":\"uk\",\"@id\":\"https:\/\/www.lingerie-avocado.pl\/produkt\/kombinezon-muse\/#primaryimage\",\"url\":\"https:\/\/www.lingerie-avocado.pl\/wp-content\/uploads\/2025\/02\/IMG_0042-scaled.jpeg\",\"contentUrl\":\"https:\/\/www.lingerie-avocado.pl\/wp-content\/uploads\/2025\/02\/IMG_0042-scaled.jpeg\",\"width\":1920,\"height\":2560},{\"@type\":\"BreadcrumbList\",\"@id\":\"https:\/\/www.lingerie-avocado.pl\/produkt\/kombinezon-muse\/#breadcrumb\",\"itemListElement\":[{\"@type\":\"ListItem\",\"position\":1,\"name\":\"Strona g\u0142\u00f3wna\",\"item\":\"https:\/\/www.lingerie-avocado.pl\/\"},{\"@type\":\"ListItem\",\"position\":2,\"name\":\"Sklep\",\"item\":\"https:\/\/www.lingerie-avocado.pl\/shop\/\"},{\"@type\":\"ListItem\",\"position\":3,\"name\":\"Kombinezon Muse\"}]},{\"@type\":\"WebSite\",\"@id\":\"https:\/\/www.lingerie-avocado.pl\/#website\",\"url\":\"https:\/\/www.lingerie-avocado.pl\/\",\"name\":\"Lingerie Avocado | Odzie\u017c bezszwowa | Legginsy, Topy\",\"description\":\"\",\"publisher\":{\"@id\":\"https:\/\/www.lingerie-avocado.pl\/#organization\"},\"potentialAction\":[{\"@type\":\"SearchAction\",\"target\":{\"@type\":\"EntryPoint\",\"urlTemplate\":\"https:\/\/www.lingerie-avocado.pl\/?s={search_term_string}\"},\"query-input\":\"required name=search_term_string\"}],\"inLanguage\":\"uk\"},{\"@type\":\"Organization\",\"@id\":\"https:\/\/www.lingerie-avocado.pl\/#organization\",\"name\":\"Lingerie Avocado | Odzie\u017c bezszwowa | Legginsy, Topy\",\"url\":\"https:\/\/www.lingerie-avocado.pl\/\",\"logo\":{\"@type\":\"ImageObject\",\"inLanguage\":\"uk\",\"@id\":\"https:\/\/www.lingerie-avocado.pl\/#\/schema\/logo\/image\/\",\"url\":\"https:\/\/www.lingerie-avocado.pl\/wp-content\/uploads\/2024\/01\/LogoAvocado-1.svg\",\"contentUrl\":\"https:\/\/www.lingerie-avocado.pl\/wp-content\/uploads\/2024\/01\/LogoAvocado-1.svg\",\"width\":203,\"height\":68,\"caption\":\"Lingerie Avocado | Odzie\u017c bezszwowa | Legginsy, Topy\"},\"image\":{\"@id\":\"https:\/\/www.lingerie-avocado.pl\/#\/schema\/logo\/image\/\"}}]}<\/script>\n<!-- \/ Yoast SEO plugin. -->","yoast_head_json":{"title":"Kombinezon Muse - Lingerie Avocado | Odzie\u017c bezszwowa | Legginsy, Topy","robots":{"index":"index","follow":"follow","max-snippet":"max-snippet:-1","max-image-preview":"max-image-preview:large","max-video-preview":"max-video-preview:-1"},"canonical":"https:\/\/www.lingerie-avocado.pl\/ua\/product\/kombinezon-muse\/","og_locale":"uk_UA","og_type":"article","og_title":"Kombinezon Muse - Lingerie Avocado | Odzie\u017c bezszwowa | Legginsy, Topy","og_description":"Kombinezon Muse \u2714\ufe0fTkanina Elasoft \u2013 lekka, elastyczna, niczym druga sk\u00f3ra. Nie wch\u0142ania wilgoci i b\u0142yskawicznie schnie. \u2714\ufe0fPrzemy\u015blane linie szw\u00f3w \u2013 podkre\u015blaj\u0105 kszta\u0142ty cia\u0142a, tworz\u0105c eleganck\u0105 sylwetk\u0119. \u2714\ufe0fWyjmowane miseczki \u2013 zapewniaj\u0105 [&hellip;]","og_url":"https:\/\/www.lingerie-avocado.pl\/ua\/product\/kombinezon-muse\/","og_site_name":"Lingerie Avocado | Odzie\u017c bezszwowa | Legginsy, Topy","article_modified_time":"2026-02-12T23:19:26+00:00","og_image":[{"width":1920,"height":2560,"url":"https:\/\/www.lingerie-avocado.pl\/wp-content\/uploads\/2025\/02\/IMG_0042-scaled.jpeg","type":"image\/jpeg"}],"twitter_card":"summary_large_image","twitter_misc":{"\u041f\u0440\u0438\u0431\u043b. \u0447\u0430\u0441 \u0447\u0438\u0442\u0430\u043d\u043d\u044f":"1 \u0445\u0432\u0438\u043b\u0438\u043d\u0430"},"schema":{"@context":"https:\/\/schema.org","@graph":[{"@type":"WebPage","@id":"https:\/\/www.lingerie-avocado.pl\/produkt\/kombinezon-muse\/","url":"https:\/\/www.lingerie-avocado.pl\/produkt\/kombinezon-muse\/","name":"Kombinezon Muse - Lingerie Avocado | Odzie\u017c bezszwowa | Legginsy, Topy","isPartOf":{"@id":"https:\/\/www.lingerie-avocado.pl\/#website"},"primaryImageOfPage":{"@id":"https:\/\/www.lingerie-avocado.pl\/produkt\/kombinezon-muse\/#primaryimage"},"image":{"@id":"https:\/\/www.lingerie-avocado.pl\/produkt\/kombinezon-muse\/#primaryimage"},"thumbnailUrl":"https:\/\/www.lingerie-avocado.pl\/wp-content\/uploads\/2025\/02\/IMG_0042-scaled.jpeg","datePublished":"2025-02-10T22:08:58+00:00","dateModified":"2026-02-12T23:19:26+00:00","breadcrumb":{"@id":"https:\/\/www.lingerie-avocado.pl\/produkt\/kombinezon-muse\/#breadcrumb"},"inLanguage":"uk","potentialAction":[{"@type":"ReadAction","target":["https:\/\/www.lingerie-avocado.pl\/produkt\/kombinezon-muse\/"]}]},{"@type":"ImageObject","inLanguage":"uk","@id":"https:\/\/www.lingerie-avocado.pl\/produkt\/kombinezon-muse\/#primaryimage","url":"https:\/\/www.lingerie-avocado.pl\/wp-content\/uploads\/2025\/02\/IMG_0042-scaled.jpeg","contentUrl":"https:\/\/www.lingerie-avocado.pl\/wp-content\/uploads\/2025\/02\/IMG_0042-scaled.jpeg","width":1920,"height":2560},{"@type":"BreadcrumbList","@id":"https:\/\/www.lingerie-avocado.pl\/produkt\/kombinezon-muse\/#breadcrumb","itemListElement":[{"@type":"ListItem","position":1,"name":"Strona g\u0142\u00f3wna","item":"https:\/\/www.lingerie-avocado.pl\/"},{"@type":"ListItem","position":2,"name":"Sklep","item":"https:\/\/www.lingerie-avocado.pl\/shop\/"},{"@type":"ListItem","position":3,"name":"Kombinezon Muse"}]},{"@type":"WebSite","@id":"https:\/\/www.lingerie-avocado.pl\/#website","url":"https:\/\/www.lingerie-avocado.pl\/","name":"Lingerie Avocado | Odzie\u017c bezszwowa | Legginsy, Topy","description":"","publisher":{"@id":"https:\/\/www.lingerie-avocado.pl\/#organization"},"potentialAction":[{"@type":"SearchAction","target":{"@type":"EntryPoint","urlTemplate":"https:\/\/www.lingerie-avocado.pl\/?s={search_term_string}"},"query-input":"required name=search_term_string"}],"inLanguage":"uk"},{"@type":"Organization","@id":"https:\/\/www.lingerie-avocado.pl\/#organization","name":"Lingerie Avocado | Odzie\u017c bezszwowa | Legginsy, Topy","url":"https:\/\/www.lingerie-avocado.pl\/","logo":{"@type":"ImageObject","inLanguage":"uk","@id":"https:\/\/www.lingerie-avocado.pl\/#\/schema\/logo\/image\/","url":"https:\/\/www.lingerie-avocado.pl\/wp-content\/uploads\/2024\/01\/LogoAvocado-1.svg","contentUrl":"https:\/\/www.lingerie-avocado.pl\/wp-content\/uploads\/2024\/01\/LogoAvocado-1.svg","width":203,"height":68,"caption":"Lingerie Avocado | Odzie\u017c bezszwowa | Legginsy, Topy"},"image":{"@id":"https:\/\/www.lingerie-avocado.pl\/#\/schema\/logo\/image\/"}}]}},"_links":{"self":[{"href":"https:\/\/www.lingerie-avocado.pl\/ua\/wp-json\/wp\/v2\/product\/3125","targetHints":{"allow":["GET"]}}],"collection":[{"href":"https:\/\/www.lingerie-avocado.pl\/ua\/wp-json\/wp\/v2\/product"}],"about":[{"href":"https:\/\/www.lingerie-avocado.pl\/ua\/wp-json\/wp\/v2\/types\/product"}],"wp:featuredmedia":[{"embeddable":true,"href":"https:\/\/www.lingerie-avocado.pl\/ua\/wp-json\/wp\/v2\/media\/3814"}],"wp:attachment":[{"href":"https:\/\/www.lingerie-avocado.pl\/ua\/wp-json\/wp\/v2\/media?parent=3125"}],"wp:term":[{"taxonomy":"product_cat","embeddable":true,"href":"https:\/\/www.lingerie-avocado.pl\/ua\/wp-json\/wp\/v2\/product_cat?post=3125"},{"taxonomy":"product_tag","embeddable":true,"href":"https:\/\/www.lingerie-avocado.pl\/ua\/wp-json\/wp\/v2\/product_tag?post=3125"}],"curies":[{"name":"wp","href":"https:\/\/api.w.org\/{rel}","templated":true}]}}