{"id":1960,"date":"2024-02-01T19:01:28","date_gmt":"2024-02-01T17:01:28","guid":{"rendered":"https:\/\/www.lingerie-avocado.pl\/?post_type=product&#038;p=1960"},"modified":"2024-02-01T19:32:53","modified_gmt":"2024-02-01T17:32:53","slug":"leginsy-cieple-z-mikropolaru-onesize","status":"publish","type":"product","link":"https:\/\/www.lingerie-avocado.pl\/ua\/product\/leginsy-cieple-z-mikropolaru-onesize\/","title":{"rendered":"\u0422\u0435\u043f\u043b\u0456 \u0431\u0435\u0437\u0448\u043e\u0432\u043d\u0456 \u043b\u043e\u0441\u0438\u043d\u0438 \u043d\u0430 \u043c\u0456\u043a\u0440\u043e\u043f\u043b\u044e\u0448\u0456 XS-L"},"content":{"rendered":"<p>\u0422\u0435\u043f\u043b\u0456 \u0431\u0435\u0437\u0448\u043e\u0432\u043d\u0456 \u043b\u043e\u0441\u0438\u043d\u0438 \u043d\u0430 \u043c\u0456\u043a\u0440\u043e\u043f\u043b\u044e\u0448\u0456 - \u0446\u0435 \u0456\u0434\u0435\u0430\u043b\u044c\u043d\u0438\u0439 \u0432\u0438\u0431\u0456\u0440 \u0434\u043b\u044f \u0437\u0430\u0431\u0435\u0437\u043f\u0435\u0447\u0435\u043d\u043d\u044f \u043a\u043e\u043c\u0444\u043e\u0440\u0442\u0443 \u0456 \u0442\u0435\u043f\u043b\u0430. \u0412\u0438\u0433\u043e\u0442\u043e\u0432\u043b\u0435\u043d\u0456 \u0437 \u043c'\u044f\u043a\u043e\u0457 \u043c\u0456\u043a\u0440\u043e\u0444\u0456\u0431\u0440\u0438, \u0432\u043e\u043d\u0438 \u0441\u0442\u0430\u043d\u0443\u0442\u044c \u043d\u0435\u0432\u0456\u0434'\u0454\u043c\u043d\u043e\u044e \u0447\u0430\u0441\u0442\u0438\u043d\u043e\u044e \u0432\u0430\u0448\u043e\u0433\u043e \u0433\u0430\u0440\u0434\u0435\u0440\u043e\u0431\u0443 \u0432 \u0445\u043e\u043b\u043e\u0434\u043d\u0438\u0439 \u043f\u0435\u0440\u0456\u043e\u0434.\n\n\u0420\u043e\u0437\u043c\u0456\u0440 \u0443\u043d\u0456\u0432\u0435\u0440\u0441\u0430\u043b\u044c\u043d\u0438\u0439 (XS-L) \u0440\u043e\u0431\u0438\u0442\u044c \u0446\u0435\u0439 \u0432\u0438\u0440\u0456\u0431 \u0432\u043a\u0440\u0430\u0439 \u0437\u0440\u0443\u0447\u043d\u0438\u043c \u0456 \u043f\u0440\u0438\u0441\u0442\u043e\u0441\u043e\u0432\u0430\u043d\u0438\u043c \u0434\u043e \u0440\u0456\u0437\u043d\u0438\u0445 \u0442\u0438\u043f\u0456\u0432 \u0444\u0456\u0433\u0443\u0440\u0438.<\/p>","protected":false},"excerpt":{"rendered":"<p>Ciep\u0142e bezszwowe leginsy z mikropolaru to doskona\u0142y wyb\u00f3r zapewniaj\u0105cy komfort i ciep\u0142o. Wykonane z mi\u0119kkiej mikrofibry, stan\u0105 si\u0119 nieod\u0142\u0105czn\u0105 cz\u0119\u015bci\u0105 Twojej garderoby w ch\u0142odnym okresie. Uniwersalny rozmiar (XS-L) sprawia, \u017ce [&hellip;]<\/p>","protected":false},"featured_media":521,"template":"","meta":[],"product_cat":[56],"product_tag":[],"class_list":{"0":"post-1960","1":"product","2":"type-product","3":"status-publish","4":"has-post-thumbnail","6":"product_cat-legginsy","7":"pa_kolor-czarny","9":"first","10":"instock","11":"taxable","12":"shipping-taxable","13":"purchasable","14":"product-type-simple"},"yoast_head":"<!-- This site is optimized with the Yoast SEO plugin v23.3 - https:\/\/yoast.com\/wordpress\/plugins\/seo\/ -->\n<title>Leginsy Ciep\u0142e z mikropolaru XS-L - Lingerie Avocado | Odzie\u017c bezszwowa | Legginsy, Topy<\/title>\n<meta name=\"description\" content=\"Ciep\u0142e bezszwowe leginsy z mikropolaru to doskona\u0142y wyb\u00f3r zapewniaj\u0105cy komfort i ciep\u0142o. Wykonane z mi\u0119kkiej mikrofibry, stan\u0105 si\u0119 nieod\u0142\u0105czn\u0105 cz\u0119\u015bci\u0105 Twojej garderoby w ch\u0142odnym okresie. Uniwersalny rozmiar (XS-L) sprawia, \u017ce ten produkt jest niezwykle wygodny i dostosowany do r\u00f3\u017cnych typ\u00f3w sylwetki.\" \/>\n<meta name=\"robots\" content=\"index, follow, max-snippet:-1, max-image-preview:large, max-video-preview:-1\" \/>\n<link rel=\"canonical\" href=\"https:\/\/www.lingerie-avocado.pl\/ua\/product\/leginsy-cieple-z-mikropolaru-onesize\/\" \/>\n<meta property=\"og:locale\" content=\"uk_UA\" \/>\n<meta property=\"og:type\" content=\"article\" \/>\n<meta property=\"og:title\" content=\"Leginsy Ciep\u0142e z mikropolaru XS-L - Lingerie Avocado | Odzie\u017c bezszwowa | Legginsy, Topy\" \/>\n<meta property=\"og:description\" content=\"Ciep\u0142e bezszwowe leginsy z mikropolaru to doskona\u0142y wyb\u00f3r zapewniaj\u0105cy komfort i ciep\u0142o. Wykonane z mi\u0119kkiej mikrofibry, stan\u0105 si\u0119 nieod\u0142\u0105czn\u0105 cz\u0119\u015bci\u0105 Twojej garderoby w ch\u0142odnym okresie. Uniwersalny rozmiar (XS-L) sprawia, \u017ce ten produkt jest niezwykle wygodny i dostosowany do r\u00f3\u017cnych typ\u00f3w sylwetki.\" \/>\n<meta property=\"og:url\" content=\"https:\/\/www.lingerie-avocado.pl\/ua\/product\/leginsy-cieple-z-mikropolaru-onesize\/\" \/>\n<meta property=\"og:site_name\" content=\"Lingerie Avocado | Odzie\u017c bezszwowa | Legginsy, Topy\" \/>\n<meta property=\"article:modified_time\" content=\"2024-02-01T17:32:53+00:00\" \/>\n<meta property=\"og:image\" content=\"https:\/\/www.lingerie-avocado.pl\/wp-content\/uploads\/2024\/01\/\u0422\u0435\u043f\u043b\u0456-\u043b\u043e\u0441\u0456\u043d\u0438-1-scaled.jpg\" \/>\n\t<meta property=\"og:image:width\" content=\"1904\" \/>\n\t<meta property=\"og:image:height\" content=\"2560\" \/>\n\t<meta property=\"og:image:type\" content=\"image\/jpeg\" \/>\n<meta name=\"twitter:card\" content=\"summary_large_image\" \/>\n<meta name=\"twitter:label1\" content=\"\u041f\u0440\u0438\u0431\u043b. \u0447\u0430\u0441 \u0447\u0438\u0442\u0430\u043d\u043d\u044f\" \/>\n\t<meta name=\"twitter:data1\" content=\"1 \u0445\u0432\u0438\u043b\u0438\u043d\u0430\" \/>\n<script type=\"application\/ld+json\" class=\"yoast-schema-graph\">{\"@context\":\"https:\/\/schema.org\",\"@graph\":[{\"@type\":\"WebPage\",\"@id\":\"https:\/\/www.lingerie-avocado.pl\/produkt\/leginsy-cieple-z-mikropolaru-onesize\/\",\"url\":\"https:\/\/www.lingerie-avocado.pl\/produkt\/leginsy-cieple-z-mikropolaru-onesize\/\",\"name\":\"Leginsy Ciep\u0142e z mikropolaru XS-L - Lingerie Avocado | Odzie\u017c bezszwowa | Legginsy, Topy\",\"isPartOf\":{\"@id\":\"https:\/\/www.lingerie-avocado.pl\/#website\"},\"primaryImageOfPage\":{\"@id\":\"https:\/\/www.lingerie-avocado.pl\/produkt\/leginsy-cieple-z-mikropolaru-onesize\/#primaryimage\"},\"image\":{\"@id\":\"https:\/\/www.lingerie-avocado.pl\/produkt\/leginsy-cieple-z-mikropolaru-onesize\/#primaryimage\"},\"thumbnailUrl\":\"https:\/\/www.lingerie-avocado.pl\/wp-content\/uploads\/2024\/01\/\u0422\u0435\u043f\u043b\u0456-\u043b\u043e\u0441\u0456\u043d\u0438-1-scaled.jpg\",\"datePublished\":\"2024-02-01T17:01:28+00:00\",\"dateModified\":\"2024-02-01T17:32:53+00:00\",\"description\":\"Ciep\u0142e bezszwowe leginsy z mikropolaru to doskona\u0142y wyb\u00f3r zapewniaj\u0105cy komfort i ciep\u0142o. Wykonane z mi\u0119kkiej mikrofibry, stan\u0105 si\u0119 nieod\u0142\u0105czn\u0105 cz\u0119\u015bci\u0105 Twojej garderoby w ch\u0142odnym okresie. Uniwersalny rozmiar (XS-L) sprawia, \u017ce ten produkt jest niezwykle wygodny i dostosowany do r\u00f3\u017cnych typ\u00f3w sylwetki.\",\"breadcrumb\":{\"@id\":\"https:\/\/www.lingerie-avocado.pl\/produkt\/leginsy-cieple-z-mikropolaru-onesize\/#breadcrumb\"},\"inLanguage\":\"uk\",\"potentialAction\":[{\"@type\":\"ReadAction\",\"target\":[\"https:\/\/www.lingerie-avocado.pl\/produkt\/leginsy-cieple-z-mikropolaru-onesize\/\"]}]},{\"@type\":\"ImageObject\",\"inLanguage\":\"uk\",\"@id\":\"https:\/\/www.lingerie-avocado.pl\/produkt\/leginsy-cieple-z-mikropolaru-onesize\/#primaryimage\",\"url\":\"https:\/\/www.lingerie-avocado.pl\/wp-content\/uploads\/2024\/01\/\u0422\u0435\u043f\u043b\u0456-\u043b\u043e\u0441\u0456\u043d\u0438-1-scaled.jpg\",\"contentUrl\":\"https:\/\/www.lingerie-avocado.pl\/wp-content\/uploads\/2024\/01\/\u0422\u0435\u043f\u043b\u0456-\u043b\u043e\u0441\u0456\u043d\u0438-1-scaled.jpg\",\"width\":1904,\"height\":2560},{\"@type\":\"BreadcrumbList\",\"@id\":\"https:\/\/www.lingerie-avocado.pl\/produkt\/leginsy-cieple-z-mikropolaru-onesize\/#breadcrumb\",\"itemListElement\":[{\"@type\":\"ListItem\",\"position\":1,\"name\":\"Strona g\u0142\u00f3wna\",\"item\":\"https:\/\/www.lingerie-avocado.pl\/\"},{\"@type\":\"ListItem\",\"position\":2,\"name\":\"Sklep\",\"item\":\"https:\/\/www.lingerie-avocado.pl\/shop\/\"},{\"@type\":\"ListItem\",\"position\":3,\"name\":\"Leginsy Ciep\u0142e z mikropolaru XS-L\"}]},{\"@type\":\"WebSite\",\"@id\":\"https:\/\/www.lingerie-avocado.pl\/#website\",\"url\":\"https:\/\/www.lingerie-avocado.pl\/\",\"name\":\"Lingerie Avocado | Odzie\u017c bezszwowa | Legginsy, Topy\",\"description\":\"\",\"publisher\":{\"@id\":\"https:\/\/www.lingerie-avocado.pl\/#organization\"},\"potentialAction\":[{\"@type\":\"SearchAction\",\"target\":{\"@type\":\"EntryPoint\",\"urlTemplate\":\"https:\/\/www.lingerie-avocado.pl\/?s={search_term_string}\"},\"query-input\":\"required name=search_term_string\"}],\"inLanguage\":\"uk\"},{\"@type\":\"Organization\",\"@id\":\"https:\/\/www.lingerie-avocado.pl\/#organization\",\"name\":\"Lingerie Avocado | Odzie\u017c bezszwowa | Legginsy, Topy\",\"url\":\"https:\/\/www.lingerie-avocado.pl\/\",\"logo\":{\"@type\":\"ImageObject\",\"inLanguage\":\"uk\",\"@id\":\"https:\/\/www.lingerie-avocado.pl\/#\/schema\/logo\/image\/\",\"url\":\"https:\/\/www.lingerie-avocado.pl\/wp-content\/uploads\/2024\/01\/LogoAvocado-1.svg\",\"contentUrl\":\"https:\/\/www.lingerie-avocado.pl\/wp-content\/uploads\/2024\/01\/LogoAvocado-1.svg\",\"width\":203,\"height\":68,\"caption\":\"Lingerie Avocado | Odzie\u017c bezszwowa | Legginsy, Topy\"},\"image\":{\"@id\":\"https:\/\/www.lingerie-avocado.pl\/#\/schema\/logo\/image\/\"}}]}<\/script>\n<!-- \/ Yoast SEO plugin. -->","yoast_head_json":{"title":"Leginsy Ciep\u0142e z mikropolaru XS-L - Lingerie Avocado | Odzie\u017c bezszwowa | Legginsy, Topy","description":"Ciep\u0142e bezszwowe leginsy z mikropolaru to doskona\u0142y wyb\u00f3r zapewniaj\u0105cy komfort i ciep\u0142o. Wykonane z mi\u0119kkiej mikrofibry, stan\u0105 si\u0119 nieod\u0142\u0105czn\u0105 cz\u0119\u015bci\u0105 Twojej garderoby w ch\u0142odnym okresie. Uniwersalny rozmiar (XS-L) sprawia, \u017ce ten produkt jest niezwykle wygodny i dostosowany do r\u00f3\u017cnych typ\u00f3w sylwetki.","robots":{"index":"index","follow":"follow","max-snippet":"max-snippet:-1","max-image-preview":"max-image-preview:large","max-video-preview":"max-video-preview:-1"},"canonical":"https:\/\/www.lingerie-avocado.pl\/ua\/product\/leginsy-cieple-z-mikropolaru-onesize\/","og_locale":"uk_UA","og_type":"article","og_title":"Leginsy Ciep\u0142e z mikropolaru XS-L - Lingerie Avocado | Odzie\u017c bezszwowa | Legginsy, Topy","og_description":"Ciep\u0142e bezszwowe leginsy z mikropolaru to doskona\u0142y wyb\u00f3r zapewniaj\u0105cy komfort i ciep\u0142o. Wykonane z mi\u0119kkiej mikrofibry, stan\u0105 si\u0119 nieod\u0142\u0105czn\u0105 cz\u0119\u015bci\u0105 Twojej garderoby w ch\u0142odnym okresie. Uniwersalny rozmiar (XS-L) sprawia, \u017ce ten produkt jest niezwykle wygodny i dostosowany do r\u00f3\u017cnych typ\u00f3w sylwetki.","og_url":"https:\/\/www.lingerie-avocado.pl\/ua\/product\/leginsy-cieple-z-mikropolaru-onesize\/","og_site_name":"Lingerie Avocado | Odzie\u017c bezszwowa | Legginsy, Topy","article_modified_time":"2024-02-01T17:32:53+00:00","og_image":[{"width":1904,"height":2560,"url":"https:\/\/www.lingerie-avocado.pl\/wp-content\/uploads\/2024\/01\/\u0422\u0435\u043f\u043b\u0456-\u043b\u043e\u0441\u0456\u043d\u0438-1-scaled.jpg","type":"image\/jpeg"}],"twitter_card":"summary_large_image","twitter_misc":{"\u041f\u0440\u0438\u0431\u043b. \u0447\u0430\u0441 \u0447\u0438\u0442\u0430\u043d\u043d\u044f":"1 \u0445\u0432\u0438\u043b\u0438\u043d\u0430"},"schema":{"@context":"https:\/\/schema.org","@graph":[{"@type":"WebPage","@id":"https:\/\/www.lingerie-avocado.pl\/produkt\/leginsy-cieple-z-mikropolaru-onesize\/","url":"https:\/\/www.lingerie-avocado.pl\/produkt\/leginsy-cieple-z-mikropolaru-onesize\/","name":"Leginsy Ciep\u0142e z mikropolaru XS-L - Lingerie Avocado | Odzie\u017c bezszwowa | Legginsy, Topy","isPartOf":{"@id":"https:\/\/www.lingerie-avocado.pl\/#website"},"primaryImageOfPage":{"@id":"https:\/\/www.lingerie-avocado.pl\/produkt\/leginsy-cieple-z-mikropolaru-onesize\/#primaryimage"},"image":{"@id":"https:\/\/www.lingerie-avocado.pl\/produkt\/leginsy-cieple-z-mikropolaru-onesize\/#primaryimage"},"thumbnailUrl":"https:\/\/www.lingerie-avocado.pl\/wp-content\/uploads\/2024\/01\/\u0422\u0435\u043f\u043b\u0456-\u043b\u043e\u0441\u0456\u043d\u0438-1-scaled.jpg","datePublished":"2024-02-01T17:01:28+00:00","dateModified":"2024-02-01T17:32:53+00:00","description":"Ciep\u0142e bezszwowe leginsy z mikropolaru to doskona\u0142y wyb\u00f3r zapewniaj\u0105cy komfort i ciep\u0142o. Wykonane z mi\u0119kkiej mikrofibry, stan\u0105 si\u0119 nieod\u0142\u0105czn\u0105 cz\u0119\u015bci\u0105 Twojej garderoby w ch\u0142odnym okresie. Uniwersalny rozmiar (XS-L) sprawia, \u017ce ten produkt jest niezwykle wygodny i dostosowany do r\u00f3\u017cnych typ\u00f3w sylwetki.","breadcrumb":{"@id":"https:\/\/www.lingerie-avocado.pl\/produkt\/leginsy-cieple-z-mikropolaru-onesize\/#breadcrumb"},"inLanguage":"uk","potentialAction":[{"@type":"ReadAction","target":["https:\/\/www.lingerie-avocado.pl\/produkt\/leginsy-cieple-z-mikropolaru-onesize\/"]}]},{"@type":"ImageObject","inLanguage":"uk","@id":"https:\/\/www.lingerie-avocado.pl\/produkt\/leginsy-cieple-z-mikropolaru-onesize\/#primaryimage","url":"https:\/\/www.lingerie-avocado.pl\/wp-content\/uploads\/2024\/01\/\u0422\u0435\u043f\u043b\u0456-\u043b\u043e\u0441\u0456\u043d\u0438-1-scaled.jpg","contentUrl":"https:\/\/www.lingerie-avocado.pl\/wp-content\/uploads\/2024\/01\/\u0422\u0435\u043f\u043b\u0456-\u043b\u043e\u0441\u0456\u043d\u0438-1-scaled.jpg","width":1904,"height":2560},{"@type":"BreadcrumbList","@id":"https:\/\/www.lingerie-avocado.pl\/produkt\/leginsy-cieple-z-mikropolaru-onesize\/#breadcrumb","itemListElement":[{"@type":"ListItem","position":1,"name":"Strona g\u0142\u00f3wna","item":"https:\/\/www.lingerie-avocado.pl\/"},{"@type":"ListItem","position":2,"name":"Sklep","item":"https:\/\/www.lingerie-avocado.pl\/shop\/"},{"@type":"ListItem","position":3,"name":"Leginsy Ciep\u0142e z mikropolaru XS-L"}]},{"@type":"WebSite","@id":"https:\/\/www.lingerie-avocado.pl\/#website","url":"https:\/\/www.lingerie-avocado.pl\/","name":"Lingerie Avocado | Odzie\u017c bezszwowa | Legginsy, Topy","description":"","publisher":{"@id":"https:\/\/www.lingerie-avocado.pl\/#organization"},"potentialAction":[{"@type":"SearchAction","target":{"@type":"EntryPoint","urlTemplate":"https:\/\/www.lingerie-avocado.pl\/?s={search_term_string}"},"query-input":"required name=search_term_string"}],"inLanguage":"uk"},{"@type":"Organization","@id":"https:\/\/www.lingerie-avocado.pl\/#organization","name":"Lingerie Avocado | Odzie\u017c bezszwowa | Legginsy, Topy","url":"https:\/\/www.lingerie-avocado.pl\/","logo":{"@type":"ImageObject","inLanguage":"uk","@id":"https:\/\/www.lingerie-avocado.pl\/#\/schema\/logo\/image\/","url":"https:\/\/www.lingerie-avocado.pl\/wp-content\/uploads\/2024\/01\/LogoAvocado-1.svg","contentUrl":"https:\/\/www.lingerie-avocado.pl\/wp-content\/uploads\/2024\/01\/LogoAvocado-1.svg","width":203,"height":68,"caption":"Lingerie Avocado | Odzie\u017c bezszwowa | Legginsy, Topy"},"image":{"@id":"https:\/\/www.lingerie-avocado.pl\/#\/schema\/logo\/image\/"}}]}},"_links":{"self":[{"href":"https:\/\/www.lingerie-avocado.pl\/ua\/wp-json\/wp\/v2\/product\/1960","targetHints":{"allow":["GET"]}}],"collection":[{"href":"https:\/\/www.lingerie-avocado.pl\/ua\/wp-json\/wp\/v2\/product"}],"about":[{"href":"https:\/\/www.lingerie-avocado.pl\/ua\/wp-json\/wp\/v2\/types\/product"}],"wp:featuredmedia":[{"embeddable":true,"href":"https:\/\/www.lingerie-avocado.pl\/ua\/wp-json\/wp\/v2\/media\/521"}],"wp:attachment":[{"href":"https:\/\/www.lingerie-avocado.pl\/ua\/wp-json\/wp\/v2\/media?parent=1960"}],"wp:term":[{"taxonomy":"product_cat","embeddable":true,"href":"https:\/\/www.lingerie-avocado.pl\/ua\/wp-json\/wp\/v2\/product_cat?post=1960"},{"taxonomy":"product_tag","embeddable":true,"href":"https:\/\/www.lingerie-avocado.pl\/ua\/wp-json\/wp\/v2\/product_tag?post=1960"}],"curies":[{"name":"wp","href":"https:\/\/api.w.org\/{rel}","templated":true}]}}