{"id":1594,"date":"2024-02-01T02:38:06","date_gmt":"2024-02-01T00:38:06","guid":{"rendered":"https:\/\/www.lingerie-avocado.pl\/?post_type=product&#038;p=1594"},"modified":"2026-03-07T22:30:01","modified_gmt":"2026-03-07T21:30:01","slug":"top-na-szerokich-ramiaczkach","status":"publish","type":"product","link":"https:\/\/www.lingerie-avocado.pl\/ua\/product\/top-na-szerokich-ramiaczkach\/","title":{"rendered":"\u0422\u043e\u043f \u043d\u0430 \u0448\u0438\u0440\u043e\u043a\u0438\u0445 \u0431\u0440\u0435\u0442\u0435\u043b\u044f\u0445"},"content":{"rendered":"<p>\u0422\u043e\u043f \u0456\u0437 \u0448\u0438\u0440\u043e\u043a\u0438\u043c\u0438 \u0431\u0440\u0435\u0442\u0435\u043b\u044f\u043c\u0438 \u0456\u0437 \u043d\u0430\u0439\u043d\u0456\u0436\u043d\u0456\u0448\u043e\u0457 \u043c\u0456\u043a\u0440\u043e\u0444\u0456\u0431\u0440\u0438 \u2014 \u0446\u0435 \u0432\u0438\u0431\u0456\u0440 \u043a\u043e\u043c\u0444\u043e\u0440\u0442\u0443 \u0442\u0430 \u043f\u0440\u0430\u043a\u0442\u0438\u0447\u043d\u043e\u0441\u0442\u0456. \u0419\u043e\u0433\u043e \u0441\u043f\u043e\u043b\u0443\u0447\u043d\u0456 \u0448\u0432\u0438 \u0437\u0430\u043b\u0438\u0448\u0430\u044e\u0442\u044c\u0441\u044f \u043d\u0435\u043f\u043e\u043c\u0456\u0442\u043d\u0438\u043c\u0438, \u0449\u043e \u0440\u043e\u0431\u0438\u0442\u044c \u0439\u043e\u0433\u043e \u043d\u0430\u0434\u0437\u0432\u0438\u0447\u0430\u0439\u043d\u043e \u0437\u0440\u0443\u0447\u043d\u0438\u043c.\n\n\u0417\u0430\u0432\u0434\u044f\u043a\u0438 \u043c\u0456\u0446\u043d\u0456\u0439 \u0440\u0435\u0437\u0438\u043d\u0446\u0456 \u0442\u0430 \u0443\u0449\u0456\u043b\u044c\u043d\u0435\u043d\u0456\u0439 \u0433\u0443\u043c\u0446\u0456 \u0440\u0430\u0437\u043e\u043c \u0456\u0437 \u0448\u0438\u0440\u043e\u043a\u0438\u043c\u0438 \u0431\u0440\u0435\u0442\u0435\u043b\u044f\u043c\u0438, \u0442\u043e\u043f \u0432\u0456\u0434\u043c\u0456\u043d\u043d\u043e \u0443\u0442\u0440\u0438\u043c\u0443\u0454 \u0433\u0440\u0443\u0434\u0438, \u043d\u0435 \u0437\u0434\u0430\u0432\u043b\u044e\u044e\u0447\u0438 \u0442\u0430 \u043d\u0435 \u0434\u0435\u0444\u043e\u0440\u043c\u0443\u044e\u0447\u0438 \u0448\u043a\u0456\u0440\u0443. \u0414\u043b\u044f \u0442\u0438\u0445, \u0445\u0442\u043e \u043d\u0435 \u043f\u0440\u0438\u0445\u0438\u043b\u044c\u043d\u0438\u0439 \u0434\u043e \u043a\u043e\u0440\u0441\u0435\u0442\u043d\u043e\u0457 \u0431\u0456\u043b\u0438\u0437\u043d\u0438 \u0442\u0430 \u043e\u0431\u0438\u0440\u0430\u0454 \u043f\u0440\u0430\u043a\u0442\u0438\u0447\u043d\u0456 \u0442\u0430 \u0444\u0443\u043d\u043a\u0446\u0456\u043e\u043d\u0430\u043b\u044c\u043d\u0456 \u0440\u0435\u0447\u0456, \u0446\u0435\u0439 \u0442\u043e\u043f \u043c\u043e\u0436\u0435 \u0441\u0442\u0430\u0442\u0438 \u0447\u0443\u0434\u043e\u0432\u043e\u044e \u0437\u0430\u043c\u0456\u043d\u043e\u044e \u0431\u0435\u0437\u0448\u043e\u0432\u043d\u043e\u043c\u0443 \u0431\u044e\u0441\u0442\u0433\u0430\u043b\u044c\u0442\u0435\u0440\u0443.\n\n\u0417\u0440\u0443\u0447\u043d\u0438\u0439 \u0434\u043b\u044f \u043d\u043e\u0441\u0456\u043d\u043d\u044f \u043f\u0456\u0434 \u0447\u0430\u0441 \u0442\u0440\u0435\u043d\u0443\u0432\u0430\u043d\u044c \u0430\u0431\u043e \u044f\u043a \u043e\u0434\u044f\u0433 \u0434\u043b\u044f \u0434\u043e\u043c\u0443, \u0432\u0456\u043d \u043e\u0431'\u0454\u0434\u043d\u0443\u0454 \u0432 \u0441\u043e\u0431\u0456 \u0441\u0442\u0438\u043b\u044c \u0442\u0430 \u0437\u0440\u0443\u0447\u043d\u0456\u0441\u0442\u044c.<\/p>","protected":false},"excerpt":{"rendered":"<p>Top z szerokimi rami\u0105czkami z najdelikatniejszej mikrofibry to wyb\u00f3r komfortu i praktyczno\u015bci. Jego \u0142\u0105cz\u0105ce szwy pozostaj\u0105 niewidoczne, co czyni go niezwykle wygodnym. Dzi\u0119ki mocnej gumce i usztywnianej ta\u015bmie razem z [&hellip;]<\/p>","protected":false},"featured_media":1603,"template":"","meta":[],"product_cat":[59],"product_tag":[],"class_list":{"0":"post-1594","1":"product","2":"type-product","3":"status-publish","4":"has-post-thumbnail","6":"product_cat-golfy-rop-topy","7":"pa_kolor-czarny","8":"pa_kolor-bialy","9":"pa_kolor-cappuccino","10":"pa_kolor-grafitowy","11":"pa_kolor-akwamarynowy","12":"pa_kolor-czerwony","13":"pa_kolor-elektryczny","14":"pa_kolor-khaki","15":"pa_kolor-marsala","16":"pa_kolor-neonowy-rozowy","17":"pa_kolor-neonowy-zielony","18":"pa_kolor-neonowy-zolty","19":"pa_kolor-pudrowy","20":"pa_kolor-szmaragdowy","21":"pa_rozmiar-s-m","22":"pa_rozmiar-l-xl","24":"first","25":"instock","26":"taxable","27":"shipping-taxable","28":"purchasable","29":"product-type-variable","30":"has-default-attributes"},"yoast_head":"<!-- This site is optimized with the Yoast SEO plugin v23.3 - https:\/\/yoast.com\/wordpress\/plugins\/seo\/ -->\n<title>Top na szerokich rami\u0105czkach - Lingerie Avocado | Odzie\u017c bezszwowa | Legginsy, Topy<\/title>\n<meta name=\"description\" content=\"Top z szerokimi rami\u0105czkami z najdelikatniejszej mikrofibry to wyb\u00f3r komfortu i praktyczno\u015bci. Jego \u0142\u0105cz\u0105ce szwy pozostaj\u0105 niewidoczne, co czyni go niezwykle wygodnym.Dzi\u0119ki mocnej gumce i usztywnianej ta\u015bmie razem z szerokimi rami\u0105czkami, top doskonale podtrzymuje biust, nie uciskaj\u0105c i nie deformuj\u0105c sk\u00f3ry.\" \/>\n<meta name=\"robots\" content=\"index, follow, max-snippet:-1, max-image-preview:large, max-video-preview:-1\" \/>\n<link rel=\"canonical\" href=\"https:\/\/www.lingerie-avocado.pl\/ua\/product\/top-na-szerokich-ramiaczkach\/\" \/>\n<meta property=\"og:locale\" content=\"uk_UA\" \/>\n<meta property=\"og:type\" content=\"article\" \/>\n<meta property=\"og:title\" content=\"Top na szerokich rami\u0105czkach - Lingerie Avocado | Odzie\u017c bezszwowa | Legginsy, Topy\" \/>\n<meta property=\"og:description\" content=\"Top z szerokimi rami\u0105czkami z najdelikatniejszej mikrofibry to wyb\u00f3r komfortu i praktyczno\u015bci. Jego \u0142\u0105cz\u0105ce szwy pozostaj\u0105 niewidoczne, co czyni go niezwykle wygodnym.Dzi\u0119ki mocnej gumce i usztywnianej ta\u015bmie razem z szerokimi rami\u0105czkami, top doskonale podtrzymuje biust, nie uciskaj\u0105c i nie deformuj\u0105c sk\u00f3ry.\" \/>\n<meta property=\"og:url\" content=\"https:\/\/www.lingerie-avocado.pl\/ua\/product\/top-na-szerokich-ramiaczkach\/\" \/>\n<meta property=\"og:site_name\" content=\"Lingerie Avocado | Odzie\u017c bezszwowa | Legginsy, Topy\" \/>\n<meta property=\"article:modified_time\" content=\"2026-03-07T21:30:01+00:00\" \/>\n<meta property=\"og:image\" content=\"https:\/\/www.lingerie-avocado.pl\/wp-content\/uploads\/2024\/02\/Top-z-szerokimi-ramiaczkami-szmara-scaled.jpg\" \/>\n\t<meta property=\"og:image:width\" content=\"1904\" \/>\n\t<meta property=\"og:image:height\" content=\"2560\" \/>\n\t<meta property=\"og:image:type\" content=\"image\/jpeg\" \/>\n<meta name=\"twitter:card\" content=\"summary_large_image\" \/>\n<meta name=\"twitter:label1\" content=\"\u041f\u0440\u0438\u0431\u043b. \u0447\u0430\u0441 \u0447\u0438\u0442\u0430\u043d\u043d\u044f\" \/>\n\t<meta name=\"twitter:data1\" content=\"1 \u0445\u0432\u0438\u043b\u0438\u043d\u0430\" \/>\n<script type=\"application\/ld+json\" class=\"yoast-schema-graph\">{\"@context\":\"https:\/\/schema.org\",\"@graph\":[{\"@type\":\"WebPage\",\"@id\":\"https:\/\/www.lingerie-avocado.pl\/produkt\/top-na-szerokich-ramiaczkach\/\",\"url\":\"https:\/\/www.lingerie-avocado.pl\/produkt\/top-na-szerokich-ramiaczkach\/\",\"name\":\"Top na szerokich rami\u0105czkach - Lingerie Avocado | Odzie\u017c bezszwowa | Legginsy, Topy\",\"isPartOf\":{\"@id\":\"https:\/\/www.lingerie-avocado.pl\/#website\"},\"primaryImageOfPage\":{\"@id\":\"https:\/\/www.lingerie-avocado.pl\/produkt\/top-na-szerokich-ramiaczkach\/#primaryimage\"},\"image\":{\"@id\":\"https:\/\/www.lingerie-avocado.pl\/produkt\/top-na-szerokich-ramiaczkach\/#primaryimage\"},\"thumbnailUrl\":\"https:\/\/www.lingerie-avocado.pl\/wp-content\/uploads\/2024\/02\/Top-z-szerokimi-ramiaczkami-szmara-scaled.jpg\",\"datePublished\":\"2024-02-01T00:38:06+00:00\",\"dateModified\":\"2026-03-07T21:30:01+00:00\",\"description\":\"Top z szerokimi rami\u0105czkami z najdelikatniejszej mikrofibry to wyb\u00f3r komfortu i praktyczno\u015bci. Jego \u0142\u0105cz\u0105ce szwy pozostaj\u0105 niewidoczne, co czyni go niezwykle wygodnym.Dzi\u0119ki mocnej gumce i usztywnianej ta\u015bmie razem z szerokimi rami\u0105czkami, top doskonale podtrzymuje biust, nie uciskaj\u0105c i nie deformuj\u0105c sk\u00f3ry.\",\"breadcrumb\":{\"@id\":\"https:\/\/www.lingerie-avocado.pl\/produkt\/top-na-szerokich-ramiaczkach\/#breadcrumb\"},\"inLanguage\":\"uk\",\"potentialAction\":[{\"@type\":\"ReadAction\",\"target\":[\"https:\/\/www.lingerie-avocado.pl\/produkt\/top-na-szerokich-ramiaczkach\/\"]}]},{\"@type\":\"ImageObject\",\"inLanguage\":\"uk\",\"@id\":\"https:\/\/www.lingerie-avocado.pl\/produkt\/top-na-szerokich-ramiaczkach\/#primaryimage\",\"url\":\"https:\/\/www.lingerie-avocado.pl\/wp-content\/uploads\/2024\/02\/Top-z-szerokimi-ramiaczkami-szmara-scaled.jpg\",\"contentUrl\":\"https:\/\/www.lingerie-avocado.pl\/wp-content\/uploads\/2024\/02\/Top-z-szerokimi-ramiaczkami-szmara-scaled.jpg\",\"width\":1904,\"height\":2560},{\"@type\":\"BreadcrumbList\",\"@id\":\"https:\/\/www.lingerie-avocado.pl\/produkt\/top-na-szerokich-ramiaczkach\/#breadcrumb\",\"itemListElement\":[{\"@type\":\"ListItem\",\"position\":1,\"name\":\"Strona g\u0142\u00f3wna\",\"item\":\"https:\/\/www.lingerie-avocado.pl\/\"},{\"@type\":\"ListItem\",\"position\":2,\"name\":\"Sklep\",\"item\":\"https:\/\/www.lingerie-avocado.pl\/shop\/\"},{\"@type\":\"ListItem\",\"position\":3,\"name\":\"Top na szerokich rami\u0105czkach\"}]},{\"@type\":\"WebSite\",\"@id\":\"https:\/\/www.lingerie-avocado.pl\/#website\",\"url\":\"https:\/\/www.lingerie-avocado.pl\/\",\"name\":\"Lingerie Avocado | Odzie\u017c bezszwowa | Legginsy, Topy\",\"description\":\"\",\"publisher\":{\"@id\":\"https:\/\/www.lingerie-avocado.pl\/#organization\"},\"potentialAction\":[{\"@type\":\"SearchAction\",\"target\":{\"@type\":\"EntryPoint\",\"urlTemplate\":\"https:\/\/www.lingerie-avocado.pl\/?s={search_term_string}\"},\"query-input\":\"required name=search_term_string\"}],\"inLanguage\":\"uk\"},{\"@type\":\"Organization\",\"@id\":\"https:\/\/www.lingerie-avocado.pl\/#organization\",\"name\":\"Lingerie Avocado | Odzie\u017c bezszwowa | Legginsy, Topy\",\"url\":\"https:\/\/www.lingerie-avocado.pl\/\",\"logo\":{\"@type\":\"ImageObject\",\"inLanguage\":\"uk\",\"@id\":\"https:\/\/www.lingerie-avocado.pl\/#\/schema\/logo\/image\/\",\"url\":\"https:\/\/www.lingerie-avocado.pl\/wp-content\/uploads\/2024\/01\/LogoAvocado-1.svg\",\"contentUrl\":\"https:\/\/www.lingerie-avocado.pl\/wp-content\/uploads\/2024\/01\/LogoAvocado-1.svg\",\"width\":203,\"height\":68,\"caption\":\"Lingerie Avocado | Odzie\u017c bezszwowa | Legginsy, Topy\"},\"image\":{\"@id\":\"https:\/\/www.lingerie-avocado.pl\/#\/schema\/logo\/image\/\"}}]}<\/script>\n<!-- \/ Yoast SEO plugin. -->","yoast_head_json":{"title":"Top na szerokich rami\u0105czkach - Lingerie Avocado | Odzie\u017c bezszwowa | Legginsy, Topy","description":"Top z szerokimi rami\u0105czkami z najdelikatniejszej mikrofibry to wyb\u00f3r komfortu i praktyczno\u015bci. Jego \u0142\u0105cz\u0105ce szwy pozostaj\u0105 niewidoczne, co czyni go niezwykle wygodnym.Dzi\u0119ki mocnej gumce i usztywnianej ta\u015bmie razem z szerokimi rami\u0105czkami, top doskonale podtrzymuje biust, nie uciskaj\u0105c i nie deformuj\u0105c sk\u00f3ry.","robots":{"index":"index","follow":"follow","max-snippet":"max-snippet:-1","max-image-preview":"max-image-preview:large","max-video-preview":"max-video-preview:-1"},"canonical":"https:\/\/www.lingerie-avocado.pl\/ua\/product\/top-na-szerokich-ramiaczkach\/","og_locale":"uk_UA","og_type":"article","og_title":"Top na szerokich rami\u0105czkach - Lingerie Avocado | Odzie\u017c bezszwowa | Legginsy, Topy","og_description":"Top z szerokimi rami\u0105czkami z najdelikatniejszej mikrofibry to wyb\u00f3r komfortu i praktyczno\u015bci. Jego \u0142\u0105cz\u0105ce szwy pozostaj\u0105 niewidoczne, co czyni go niezwykle wygodnym.Dzi\u0119ki mocnej gumce i usztywnianej ta\u015bmie razem z szerokimi rami\u0105czkami, top doskonale podtrzymuje biust, nie uciskaj\u0105c i nie deformuj\u0105c sk\u00f3ry.","og_url":"https:\/\/www.lingerie-avocado.pl\/ua\/product\/top-na-szerokich-ramiaczkach\/","og_site_name":"Lingerie Avocado | Odzie\u017c bezszwowa | Legginsy, Topy","article_modified_time":"2026-03-07T21:30:01+00:00","og_image":[{"width":1904,"height":2560,"url":"https:\/\/www.lingerie-avocado.pl\/wp-content\/uploads\/2024\/02\/Top-z-szerokimi-ramiaczkami-szmara-scaled.jpg","type":"image\/jpeg"}],"twitter_card":"summary_large_image","twitter_misc":{"\u041f\u0440\u0438\u0431\u043b. \u0447\u0430\u0441 \u0447\u0438\u0442\u0430\u043d\u043d\u044f":"1 \u0445\u0432\u0438\u043b\u0438\u043d\u0430"},"schema":{"@context":"https:\/\/schema.org","@graph":[{"@type":"WebPage","@id":"https:\/\/www.lingerie-avocado.pl\/produkt\/top-na-szerokich-ramiaczkach\/","url":"https:\/\/www.lingerie-avocado.pl\/produkt\/top-na-szerokich-ramiaczkach\/","name":"Top na szerokich rami\u0105czkach - Lingerie Avocado | Odzie\u017c bezszwowa | Legginsy, Topy","isPartOf":{"@id":"https:\/\/www.lingerie-avocado.pl\/#website"},"primaryImageOfPage":{"@id":"https:\/\/www.lingerie-avocado.pl\/produkt\/top-na-szerokich-ramiaczkach\/#primaryimage"},"image":{"@id":"https:\/\/www.lingerie-avocado.pl\/produkt\/top-na-szerokich-ramiaczkach\/#primaryimage"},"thumbnailUrl":"https:\/\/www.lingerie-avocado.pl\/wp-content\/uploads\/2024\/02\/Top-z-szerokimi-ramiaczkami-szmara-scaled.jpg","datePublished":"2024-02-01T00:38:06+00:00","dateModified":"2026-03-07T21:30:01+00:00","description":"Top z szerokimi rami\u0105czkami z najdelikatniejszej mikrofibry to wyb\u00f3r komfortu i praktyczno\u015bci. Jego \u0142\u0105cz\u0105ce szwy pozostaj\u0105 niewidoczne, co czyni go niezwykle wygodnym.Dzi\u0119ki mocnej gumce i usztywnianej ta\u015bmie razem z szerokimi rami\u0105czkami, top doskonale podtrzymuje biust, nie uciskaj\u0105c i nie deformuj\u0105c sk\u00f3ry.","breadcrumb":{"@id":"https:\/\/www.lingerie-avocado.pl\/produkt\/top-na-szerokich-ramiaczkach\/#breadcrumb"},"inLanguage":"uk","potentialAction":[{"@type":"ReadAction","target":["https:\/\/www.lingerie-avocado.pl\/produkt\/top-na-szerokich-ramiaczkach\/"]}]},{"@type":"ImageObject","inLanguage":"uk","@id":"https:\/\/www.lingerie-avocado.pl\/produkt\/top-na-szerokich-ramiaczkach\/#primaryimage","url":"https:\/\/www.lingerie-avocado.pl\/wp-content\/uploads\/2024\/02\/Top-z-szerokimi-ramiaczkami-szmara-scaled.jpg","contentUrl":"https:\/\/www.lingerie-avocado.pl\/wp-content\/uploads\/2024\/02\/Top-z-szerokimi-ramiaczkami-szmara-scaled.jpg","width":1904,"height":2560},{"@type":"BreadcrumbList","@id":"https:\/\/www.lingerie-avocado.pl\/produkt\/top-na-szerokich-ramiaczkach\/#breadcrumb","itemListElement":[{"@type":"ListItem","position":1,"name":"Strona g\u0142\u00f3wna","item":"https:\/\/www.lingerie-avocado.pl\/"},{"@type":"ListItem","position":2,"name":"Sklep","item":"https:\/\/www.lingerie-avocado.pl\/shop\/"},{"@type":"ListItem","position":3,"name":"Top na szerokich rami\u0105czkach"}]},{"@type":"WebSite","@id":"https:\/\/www.lingerie-avocado.pl\/#website","url":"https:\/\/www.lingerie-avocado.pl\/","name":"Lingerie Avocado | Odzie\u017c bezszwowa | Legginsy, Topy","description":"","publisher":{"@id":"https:\/\/www.lingerie-avocado.pl\/#organization"},"potentialAction":[{"@type":"SearchAction","target":{"@type":"EntryPoint","urlTemplate":"https:\/\/www.lingerie-avocado.pl\/?s={search_term_string}"},"query-input":"required name=search_term_string"}],"inLanguage":"uk"},{"@type":"Organization","@id":"https:\/\/www.lingerie-avocado.pl\/#organization","name":"Lingerie Avocado | Odzie\u017c bezszwowa | Legginsy, Topy","url":"https:\/\/www.lingerie-avocado.pl\/","logo":{"@type":"ImageObject","inLanguage":"uk","@id":"https:\/\/www.lingerie-avocado.pl\/#\/schema\/logo\/image\/","url":"https:\/\/www.lingerie-avocado.pl\/wp-content\/uploads\/2024\/01\/LogoAvocado-1.svg","contentUrl":"https:\/\/www.lingerie-avocado.pl\/wp-content\/uploads\/2024\/01\/LogoAvocado-1.svg","width":203,"height":68,"caption":"Lingerie Avocado | Odzie\u017c bezszwowa | Legginsy, Topy"},"image":{"@id":"https:\/\/www.lingerie-avocado.pl\/#\/schema\/logo\/image\/"}}]}},"_links":{"self":[{"href":"https:\/\/www.lingerie-avocado.pl\/ua\/wp-json\/wp\/v2\/product\/1594","targetHints":{"allow":["GET"]}}],"collection":[{"href":"https:\/\/www.lingerie-avocado.pl\/ua\/wp-json\/wp\/v2\/product"}],"about":[{"href":"https:\/\/www.lingerie-avocado.pl\/ua\/wp-json\/wp\/v2\/types\/product"}],"wp:featuredmedia":[{"embeddable":true,"href":"https:\/\/www.lingerie-avocado.pl\/ua\/wp-json\/wp\/v2\/media\/1603"}],"wp:attachment":[{"href":"https:\/\/www.lingerie-avocado.pl\/ua\/wp-json\/wp\/v2\/media?parent=1594"}],"wp:term":[{"taxonomy":"product_cat","embeddable":true,"href":"https:\/\/www.lingerie-avocado.pl\/ua\/wp-json\/wp\/v2\/product_cat?post=1594"},{"taxonomy":"product_tag","embeddable":true,"href":"https:\/\/www.lingerie-avocado.pl\/ua\/wp-json\/wp\/v2\/product_tag?post=1594"}],"curies":[{"name":"wp","href":"https:\/\/api.w.org\/{rel}","templated":true}]}}