{"id":1319,"date":"2024-01-31T19:36:55","date_gmt":"2024-01-31T17:36:55","guid":{"rendered":"https:\/\/www.lingerie-avocado.pl\/?post_type=product&#038;p=1319"},"modified":"2026-03-07T22:32:10","modified_gmt":"2026-03-07T21:32:10","slug":"crop-top-z-krotkim-rekawem","status":"publish","type":"product","link":"https:\/\/www.lingerie-avocado.pl\/ua\/product\/crop-top-z-krotkim-rekawem\/","title":{"rendered":"\u041a\u0440\u043e\u043f-\u0442\u043e\u043f \u043a\u043e\u0440\u043e\u0442\u043a\u0438\u0439 \u0440\u0443\u043a\u0430\u0432"},"content":{"rendered":"<p>\u0411\u0435\u0437\u0448\u043e\u0432\u043d\u0438\u0439 \u043a\u0440\u043e\u043f-\u0442\u043e\u043f \u0437 \u043a\u043e\u0440\u043e\u0442\u043a\u0438\u043c \u0440\u0443\u043a\u0430\u0432\u043e\u043c \u0456\u0437 \u043c\u0456\u043a\u0440\u043e\u0444\u0456\u0431\u0440\u0438 - \u0446\u0435 \u0434\u0443\u0436\u0435 \u043c'\u044f\u043a\u0438\u0439 \u0456 \u043f\u0440\u0438\u0454\u043c\u043d\u0438\u0439 \u0434\u043e \u0442\u0456\u043b\u0430 \u0432\u0430\u0440\u0456\u0430\u043d\u0442. \u0406\u0434\u0435\u0430\u043b\u044c\u043d\u043e \u043f\u0456\u0434\u0445\u043e\u0434\u0438\u0442\u044c \u044f\u043a \u0434\u043b\u044f \u0442\u0440\u0435\u043d\u0443\u0432\u0430\u043d\u044c, \u0442\u0430\u043a \u0456 \u0434\u043b\u044f \u0449\u043e\u0434\u0435\u043d\u043d\u043e\u0433\u043e \u0432\u0438\u043a\u043e\u0440\u0438\u0441\u0442\u0430\u043d\u043d\u044f. \u041d\u0435 \u0441\u043a\u0438\u0434\u0430\u0454\u0442\u044c\u0441\u044f, \u043d\u0435 \u0443\u0442\u0432\u043e\u0440\u044e\u0454 \u043a\u0430\u0448\u043b\u0430\u0442\u0438\u043d \u0456 \u043d\u0435 \u0432\u0442\u0440\u0430\u0447\u0430\u0454 \u0444\u043e\u0440\u043c\u0443 \u043d\u0430\u0432\u0456\u0442\u044c \u043f\u0456\u0441\u043b\u044f \u0431\u0435\u0437\u043b\u0456\u0447\u0456 \u043f\u0440\u0430\u043d\u044c.<\/p>","protected":false},"excerpt":{"rendered":"<p>Bezszwowy crop top z mikrofibry to bardzo mi\u0119kka i przyjemna opcja dla cia\u0142a. Doskonale nadaje si\u0119 zar\u00f3wno do trening\u00f3w, jak i codziennego noszenia. Nie gniecie si\u0119, nie tworzy k\u0142aczk\u00f3w i [&hellip;]<\/p>","protected":false},"featured_media":1355,"template":"","meta":[],"product_cat":[59],"product_tag":[],"class_list":{"0":"post-1319","1":"product","2":"type-product","3":"status-publish","4":"has-post-thumbnail","6":"product_cat-golfy-rop-topy","7":"pa_kolor-czarny","8":"pa_kolor-bialy","9":"pa_kolor-bezowy","10":"pa_kolor-cappuccino","11":"pa_kolor-czekoladowy","12":"pa_kolor-grafitowy","13":"pa_kolor-bubblegum","14":"pa_kolor-akwamarynowy","15":"pa_kolor-barbie","16":"pa_kolor-chaber","17":"pa_kolor-czerwony","18":"pa_kolor-delikatnie-rozowy","19":"pa_kolor-zielony","20":"pa_kolor-elektryczny","21":"pa_kolor-khaki","22":"pa_kolor-lawendowy","23":"pa_kolor-malinowy","24":"pa_kolor-marsala","25":"pa_kolor-oliwkowy","26":"pa_kolor-pistacjowy","27":"pa_kolor-pudrowy","28":"pa_kolor-szaro-niebieski","29":"pa_kolor-szary","30":"pa_kolor-szmaragdowy","31":"pa_kolor-tiffany","32":"pa_kolor-winny","33":"pa_kolor-zolty","34":"pa_kolor-iemnoniebieski","35":"pa_rozmiar-s-m","36":"pa_rozmiar-l-xl","38":"first","39":"instock","40":"taxable","41":"shipping-taxable","42":"purchasable","43":"product-type-variable","44":"has-default-attributes"},"yoast_head":"<!-- This site is optimized with the Yoast SEO plugin v23.3 - https:\/\/yoast.com\/wordpress\/plugins\/seo\/ -->\n<title>Crop top z kr\u00f3tkim r\u0119kawem - Lingerie Avocado | Odzie\u017c bezszwowa | Legginsy, Topy<\/title>\n<meta name=\"description\" content=\"Bezszwowy crop top z mikrofibry to bardzo mi\u0119kka i przyjemna opcja dla cia\u0142a. Doskonale nadaje si\u0119 zar\u00f3wno do trening\u00f3w, jak i codziennego noszenia. Nie gniecie si\u0119, nie tworzy k\u0142aczk\u00f3w i nie traci formy nawet po wielu praniach.\" \/>\n<meta name=\"robots\" content=\"index, follow, max-snippet:-1, max-image-preview:large, max-video-preview:-1\" \/>\n<link rel=\"canonical\" href=\"https:\/\/www.lingerie-avocado.pl\/ua\/product\/crop-top-z-krotkim-rekawem\/\" \/>\n<meta property=\"og:locale\" content=\"uk_UA\" \/>\n<meta property=\"og:type\" content=\"article\" \/>\n<meta property=\"og:title\" content=\"Crop top z kr\u00f3tkim r\u0119kawem - Lingerie Avocado | Odzie\u017c bezszwowa | Legginsy, Topy\" \/>\n<meta property=\"og:description\" content=\"Bezszwowy crop top z mikrofibry to bardzo mi\u0119kka i przyjemna opcja dla cia\u0142a. Doskonale nadaje si\u0119 zar\u00f3wno do trening\u00f3w, jak i codziennego noszenia. Nie gniecie si\u0119, nie tworzy k\u0142aczk\u00f3w i nie traci formy nawet po wielu praniach.\" \/>\n<meta property=\"og:url\" content=\"https:\/\/www.lingerie-avocado.pl\/ua\/product\/crop-top-z-krotkim-rekawem\/\" \/>\n<meta property=\"og:site_name\" content=\"Lingerie Avocado | Odzie\u017c bezszwowa | Legginsy, Topy\" \/>\n<meta property=\"article:modified_time\" content=\"2026-03-07T21:32:10+00:00\" \/>\n<meta property=\"og:image\" content=\"https:\/\/www.lingerie-avocado.pl\/wp-content\/uploads\/2024\/01\/Crop-top-z-krotkim-rekawem-mata-scaled.jpg\" \/>\n\t<meta property=\"og:image:width\" content=\"1904\" \/>\n\t<meta property=\"og:image:height\" content=\"2560\" \/>\n\t<meta property=\"og:image:type\" content=\"image\/jpeg\" \/>\n<meta name=\"twitter:card\" content=\"summary_large_image\" \/>\n<meta name=\"twitter:label1\" content=\"\u041f\u0440\u0438\u0431\u043b. \u0447\u0430\u0441 \u0447\u0438\u0442\u0430\u043d\u043d\u044f\" \/>\n\t<meta name=\"twitter:data1\" content=\"1 \u0445\u0432\u0438\u043b\u0438\u043d\u0430\" \/>\n<script type=\"application\/ld+json\" class=\"yoast-schema-graph\">{\"@context\":\"https:\/\/schema.org\",\"@graph\":[{\"@type\":\"WebPage\",\"@id\":\"https:\/\/www.lingerie-avocado.pl\/produkt\/crop-top-z-krotkim-rekawem\/\",\"url\":\"https:\/\/www.lingerie-avocado.pl\/produkt\/crop-top-z-krotkim-rekawem\/\",\"name\":\"Crop top z kr\u00f3tkim r\u0119kawem - Lingerie Avocado | Odzie\u017c bezszwowa | Legginsy, Topy\",\"isPartOf\":{\"@id\":\"https:\/\/www.lingerie-avocado.pl\/#website\"},\"primaryImageOfPage\":{\"@id\":\"https:\/\/www.lingerie-avocado.pl\/produkt\/crop-top-z-krotkim-rekawem\/#primaryimage\"},\"image\":{\"@id\":\"https:\/\/www.lingerie-avocado.pl\/produkt\/crop-top-z-krotkim-rekawem\/#primaryimage\"},\"thumbnailUrl\":\"https:\/\/www.lingerie-avocado.pl\/wp-content\/uploads\/2024\/01\/Crop-top-z-krotkim-rekawem-mata-scaled.jpg\",\"datePublished\":\"2024-01-31T17:36:55+00:00\",\"dateModified\":\"2026-03-07T21:32:10+00:00\",\"description\":\"Bezszwowy crop top z mikrofibry to bardzo mi\u0119kka i przyjemna opcja dla cia\u0142a. Doskonale nadaje si\u0119 zar\u00f3wno do trening\u00f3w, jak i codziennego noszenia. Nie gniecie si\u0119, nie tworzy k\u0142aczk\u00f3w i nie traci formy nawet po wielu praniach.\",\"breadcrumb\":{\"@id\":\"https:\/\/www.lingerie-avocado.pl\/produkt\/crop-top-z-krotkim-rekawem\/#breadcrumb\"},\"inLanguage\":\"uk\",\"potentialAction\":[{\"@type\":\"ReadAction\",\"target\":[\"https:\/\/www.lingerie-avocado.pl\/produkt\/crop-top-z-krotkim-rekawem\/\"]}]},{\"@type\":\"ImageObject\",\"inLanguage\":\"uk\",\"@id\":\"https:\/\/www.lingerie-avocado.pl\/produkt\/crop-top-z-krotkim-rekawem\/#primaryimage\",\"url\":\"https:\/\/www.lingerie-avocado.pl\/wp-content\/uploads\/2024\/01\/Crop-top-z-krotkim-rekawem-mata-scaled.jpg\",\"contentUrl\":\"https:\/\/www.lingerie-avocado.pl\/wp-content\/uploads\/2024\/01\/Crop-top-z-krotkim-rekawem-mata-scaled.jpg\",\"width\":1904,\"height\":2560},{\"@type\":\"BreadcrumbList\",\"@id\":\"https:\/\/www.lingerie-avocado.pl\/produkt\/crop-top-z-krotkim-rekawem\/#breadcrumb\",\"itemListElement\":[{\"@type\":\"ListItem\",\"position\":1,\"name\":\"Strona g\u0142\u00f3wna\",\"item\":\"https:\/\/www.lingerie-avocado.pl\/\"},{\"@type\":\"ListItem\",\"position\":2,\"name\":\"Sklep\",\"item\":\"https:\/\/www.lingerie-avocado.pl\/shop\/\"},{\"@type\":\"ListItem\",\"position\":3,\"name\":\"Crop top z kr\u00f3tkim r\u0119kawem\"}]},{\"@type\":\"WebSite\",\"@id\":\"https:\/\/www.lingerie-avocado.pl\/#website\",\"url\":\"https:\/\/www.lingerie-avocado.pl\/\",\"name\":\"Lingerie Avocado | Odzie\u017c bezszwowa | Legginsy, Topy\",\"description\":\"\",\"publisher\":{\"@id\":\"https:\/\/www.lingerie-avocado.pl\/#organization\"},\"potentialAction\":[{\"@type\":\"SearchAction\",\"target\":{\"@type\":\"EntryPoint\",\"urlTemplate\":\"https:\/\/www.lingerie-avocado.pl\/?s={search_term_string}\"},\"query-input\":\"required name=search_term_string\"}],\"inLanguage\":\"uk\"},{\"@type\":\"Organization\",\"@id\":\"https:\/\/www.lingerie-avocado.pl\/#organization\",\"name\":\"Lingerie Avocado | Odzie\u017c bezszwowa | Legginsy, Topy\",\"url\":\"https:\/\/www.lingerie-avocado.pl\/\",\"logo\":{\"@type\":\"ImageObject\",\"inLanguage\":\"uk\",\"@id\":\"https:\/\/www.lingerie-avocado.pl\/#\/schema\/logo\/image\/\",\"url\":\"https:\/\/www.lingerie-avocado.pl\/wp-content\/uploads\/2024\/01\/LogoAvocado-1.svg\",\"contentUrl\":\"https:\/\/www.lingerie-avocado.pl\/wp-content\/uploads\/2024\/01\/LogoAvocado-1.svg\",\"width\":203,\"height\":68,\"caption\":\"Lingerie Avocado | Odzie\u017c bezszwowa | Legginsy, Topy\"},\"image\":{\"@id\":\"https:\/\/www.lingerie-avocado.pl\/#\/schema\/logo\/image\/\"}}]}<\/script>\n<!-- \/ Yoast SEO plugin. -->","yoast_head_json":{"title":"Crop top z kr\u00f3tkim r\u0119kawem - Lingerie Avocado | Odzie\u017c bezszwowa | Legginsy, Topy","description":"Bezszwowy crop top z mikrofibry to bardzo mi\u0119kka i przyjemna opcja dla cia\u0142a. Doskonale nadaje si\u0119 zar\u00f3wno do trening\u00f3w, jak i codziennego noszenia. Nie gniecie si\u0119, nie tworzy k\u0142aczk\u00f3w i nie traci formy nawet po wielu praniach.","robots":{"index":"index","follow":"follow","max-snippet":"max-snippet:-1","max-image-preview":"max-image-preview:large","max-video-preview":"max-video-preview:-1"},"canonical":"https:\/\/www.lingerie-avocado.pl\/ua\/product\/crop-top-z-krotkim-rekawem\/","og_locale":"uk_UA","og_type":"article","og_title":"Crop top z kr\u00f3tkim r\u0119kawem - Lingerie Avocado | Odzie\u017c bezszwowa | Legginsy, Topy","og_description":"Bezszwowy crop top z mikrofibry to bardzo mi\u0119kka i przyjemna opcja dla cia\u0142a. Doskonale nadaje si\u0119 zar\u00f3wno do trening\u00f3w, jak i codziennego noszenia. Nie gniecie si\u0119, nie tworzy k\u0142aczk\u00f3w i nie traci formy nawet po wielu praniach.","og_url":"https:\/\/www.lingerie-avocado.pl\/ua\/product\/crop-top-z-krotkim-rekawem\/","og_site_name":"Lingerie Avocado | Odzie\u017c bezszwowa | Legginsy, Topy","article_modified_time":"2026-03-07T21:32:10+00:00","og_image":[{"width":1904,"height":2560,"url":"https:\/\/www.lingerie-avocado.pl\/wp-content\/uploads\/2024\/01\/Crop-top-z-krotkim-rekawem-mata-scaled.jpg","type":"image\/jpeg"}],"twitter_card":"summary_large_image","twitter_misc":{"\u041f\u0440\u0438\u0431\u043b. \u0447\u0430\u0441 \u0447\u0438\u0442\u0430\u043d\u043d\u044f":"1 \u0445\u0432\u0438\u043b\u0438\u043d\u0430"},"schema":{"@context":"https:\/\/schema.org","@graph":[{"@type":"WebPage","@id":"https:\/\/www.lingerie-avocado.pl\/produkt\/crop-top-z-krotkim-rekawem\/","url":"https:\/\/www.lingerie-avocado.pl\/produkt\/crop-top-z-krotkim-rekawem\/","name":"Crop top z kr\u00f3tkim r\u0119kawem - Lingerie Avocado | Odzie\u017c bezszwowa | Legginsy, Topy","isPartOf":{"@id":"https:\/\/www.lingerie-avocado.pl\/#website"},"primaryImageOfPage":{"@id":"https:\/\/www.lingerie-avocado.pl\/produkt\/crop-top-z-krotkim-rekawem\/#primaryimage"},"image":{"@id":"https:\/\/www.lingerie-avocado.pl\/produkt\/crop-top-z-krotkim-rekawem\/#primaryimage"},"thumbnailUrl":"https:\/\/www.lingerie-avocado.pl\/wp-content\/uploads\/2024\/01\/Crop-top-z-krotkim-rekawem-mata-scaled.jpg","datePublished":"2024-01-31T17:36:55+00:00","dateModified":"2026-03-07T21:32:10+00:00","description":"Bezszwowy crop top z mikrofibry to bardzo mi\u0119kka i przyjemna opcja dla cia\u0142a. Doskonale nadaje si\u0119 zar\u00f3wno do trening\u00f3w, jak i codziennego noszenia. Nie gniecie si\u0119, nie tworzy k\u0142aczk\u00f3w i nie traci formy nawet po wielu praniach.","breadcrumb":{"@id":"https:\/\/www.lingerie-avocado.pl\/produkt\/crop-top-z-krotkim-rekawem\/#breadcrumb"},"inLanguage":"uk","potentialAction":[{"@type":"ReadAction","target":["https:\/\/www.lingerie-avocado.pl\/produkt\/crop-top-z-krotkim-rekawem\/"]}]},{"@type":"ImageObject","inLanguage":"uk","@id":"https:\/\/www.lingerie-avocado.pl\/produkt\/crop-top-z-krotkim-rekawem\/#primaryimage","url":"https:\/\/www.lingerie-avocado.pl\/wp-content\/uploads\/2024\/01\/Crop-top-z-krotkim-rekawem-mata-scaled.jpg","contentUrl":"https:\/\/www.lingerie-avocado.pl\/wp-content\/uploads\/2024\/01\/Crop-top-z-krotkim-rekawem-mata-scaled.jpg","width":1904,"height":2560},{"@type":"BreadcrumbList","@id":"https:\/\/www.lingerie-avocado.pl\/produkt\/crop-top-z-krotkim-rekawem\/#breadcrumb","itemListElement":[{"@type":"ListItem","position":1,"name":"Strona g\u0142\u00f3wna","item":"https:\/\/www.lingerie-avocado.pl\/"},{"@type":"ListItem","position":2,"name":"Sklep","item":"https:\/\/www.lingerie-avocado.pl\/shop\/"},{"@type":"ListItem","position":3,"name":"Crop top z kr\u00f3tkim r\u0119kawem"}]},{"@type":"WebSite","@id":"https:\/\/www.lingerie-avocado.pl\/#website","url":"https:\/\/www.lingerie-avocado.pl\/","name":"Lingerie Avocado | Odzie\u017c bezszwowa | Legginsy, Topy","description":"","publisher":{"@id":"https:\/\/www.lingerie-avocado.pl\/#organization"},"potentialAction":[{"@type":"SearchAction","target":{"@type":"EntryPoint","urlTemplate":"https:\/\/www.lingerie-avocado.pl\/?s={search_term_string}"},"query-input":"required name=search_term_string"}],"inLanguage":"uk"},{"@type":"Organization","@id":"https:\/\/www.lingerie-avocado.pl\/#organization","name":"Lingerie Avocado | Odzie\u017c bezszwowa | Legginsy, Topy","url":"https:\/\/www.lingerie-avocado.pl\/","logo":{"@type":"ImageObject","inLanguage":"uk","@id":"https:\/\/www.lingerie-avocado.pl\/#\/schema\/logo\/image\/","url":"https:\/\/www.lingerie-avocado.pl\/wp-content\/uploads\/2024\/01\/LogoAvocado-1.svg","contentUrl":"https:\/\/www.lingerie-avocado.pl\/wp-content\/uploads\/2024\/01\/LogoAvocado-1.svg","width":203,"height":68,"caption":"Lingerie Avocado | Odzie\u017c bezszwowa | Legginsy, Topy"},"image":{"@id":"https:\/\/www.lingerie-avocado.pl\/#\/schema\/logo\/image\/"}}]}},"_links":{"self":[{"href":"https:\/\/www.lingerie-avocado.pl\/ua\/wp-json\/wp\/v2\/product\/1319","targetHints":{"allow":["GET"]}}],"collection":[{"href":"https:\/\/www.lingerie-avocado.pl\/ua\/wp-json\/wp\/v2\/product"}],"about":[{"href":"https:\/\/www.lingerie-avocado.pl\/ua\/wp-json\/wp\/v2\/types\/product"}],"wp:featuredmedia":[{"embeddable":true,"href":"https:\/\/www.lingerie-avocado.pl\/ua\/wp-json\/wp\/v2\/media\/1355"}],"wp:attachment":[{"href":"https:\/\/www.lingerie-avocado.pl\/ua\/wp-json\/wp\/v2\/media?parent=1319"}],"wp:term":[{"taxonomy":"product_cat","embeddable":true,"href":"https:\/\/www.lingerie-avocado.pl\/ua\/wp-json\/wp\/v2\/product_cat?post=1319"},{"taxonomy":"product_tag","embeddable":true,"href":"https:\/\/www.lingerie-avocado.pl\/ua\/wp-json\/wp\/v2\/product_tag?post=1319"}],"curies":[{"name":"wp","href":"https:\/\/api.w.org\/{rel}","templated":true}]}}