{"id":1254,"date":"2024-01-31T18:02:10","date_gmt":"2024-01-31T16:02:10","guid":{"rendered":"https:\/\/www.lingerie-avocado.pl\/?post_type=product&#038;p=1254"},"modified":"2026-03-07T22:42:17","modified_gmt":"2026-03-07T21:42:17","slug":"komplet-w-prazki-rowerowki-w-prazkowane-ze-standardowym-efektem-push-up-top","status":"publish","type":"product","link":"https:\/\/www.lingerie-avocado.pl\/ua\/product\/komplet-w-prazki-rowerowki-w-prazkowane-ze-standardowym-efektem-push-up-top\/","title":{"rendered":"\u041a\u043e\u043c\u043f\u043b\u0435\u043a\u0442: \u0412\u0435\u043b\u043e\u0441\u0438\u043f\u0435\u0434\u043a\u0438 \u0432 \u0440\u0443\u0431\u0447\u0438\u043a \u0437 \u0435\u0444\u0435\u043a\u0442\u043e\u043c \u043f\u0443\u0448-\u0430\u043f \u0441\u0442\u0430\u043d\u0434\u0430\u0440\u0442\u043d\u043e\u0457 \u0434\u043e\u0432\u0436\u0438\u043d\u0438 + \u0442\u043e\u043f \u0432 \u0440\u0443\u0431\u0447\u0438\u043a"},"content":{"rendered":"<p>\u0411\u0435\u0437\u0448\u043e\u0432\u043d\u0456 \u0432\u0435\u043b\u043e\u0441\u0438\u043f\u0435\u0434\u043a\u0438 \u0432 \u0440\u0443\u0431\u0447\u0438\u043a \u0456\u0434\u0435\u0430\u043b\u044c\u043d\u043e \u043f\u0456\u0434\u0445\u043e\u0434\u044f\u0442\u044c \u044f\u043a \u0434\u043b\u044f \u0442\u0440\u0435\u043d\u0443\u0432\u0430\u043d\u044c, \u0442\u0430\u043a \u0456 \u0434\u043b\u044f \u043f\u043e\u0432\u0441\u044f\u043a\u0434\u0435\u043d\u043d\u043e\u0433\u043e \u0432\u0438\u043a\u043e\u0440\u0438\u0441\u0442\u0430\u043d\u043d\u044f.\n\n\u0428\u0438\u0440\u043e\u043a\u0438\u0439 \u0442\u0430 \u043a\u043e\u043c\u0444\u043e\u0440\u0442\u043d\u0438\u0439 \u043f\u043e\u044f\u0441, \u0440\u0430\u0437\u043e\u043c \u0437 \u0432\u0438\u0441\u043e\u043a\u043e\u044e \u043f\u043e\u0441\u0430\u0434\u043a\u043e\u044e, \u0435\u0444\u0435\u043a\u0442\u0438\u0432\u043d\u043e \u043f\u0440\u0438\u0445\u043e\u0432\u0443\u044e\u0442\u044c \u0431\u0443\u0434\u044c-\u044f\u043a\u0456 \u043d\u0435\u0434\u043e\u043b\u0456\u043a\u0438 \u0444\u0456\u0433\u0443\u0440\u0438 \u0442\u0430 \u0432\u0438\u0434\u0456\u043b\u044f\u044e\u0442\u044c \u0457\u0457 \u043f\u0435\u0440\u0435\u0432\u0430\u0433\u0438.<\/p>","protected":false},"excerpt":{"rendered":"<p>Bezszwowe bikery w pr\u0105\u017ckowany wz\u00f3r idealnie nadaj\u0105 si\u0119 zar\u00f3wno do trening\u00f3w, jak i na co dzie\u0144. Szeroki i wygodny pas, w po\u0142\u0105czeniu z wysokim stanem, skutecznie maskuje wszelkie niedoskona\u0142o\u015bci figury, [&hellip;]<\/p>","protected":false},"featured_media":1124,"template":"","meta":[],"product_cat":[58],"product_tag":[],"class_list":{"0":"post-1254","1":"product","2":"type-product","3":"status-publish","4":"has-post-thumbnail","6":"product_cat-odziez-prazkowana","7":"pa_kolor-czarny","8":"pa_kolor-bialy","9":"pa_kolor-bezowy","10":"pa_kolor-cappuccino","11":"pa_kolor-grafitowy","12":"pa_kolor-elektryczny","13":"pa_kolor-szary","14":"pa_kolor-szmaragdowy","15":"pa_rozmiar-s-m","16":"pa_rozmiar-l-xl","18":"first","19":"instock","20":"taxable","21":"shipping-taxable","22":"purchasable","23":"product-type-variable","24":"has-default-attributes"},"yoast_head":"<!-- This site is optimized with the Yoast SEO plugin v23.3 - https:\/\/yoast.com\/wordpress\/plugins\/seo\/ -->\n<title>Komplet w pr\u0105\u017cki: Rower\u00f3wki push-up + top - Lingerie Avocado | Odzie\u017c bezszwowa | Legginsy, Topy<\/title>\n<meta name=\"description\" content=\"Bezszwowe bikery w pr\u0105\u017ckowany wz\u00f3r idealnie nadaj\u0105 si\u0119 zar\u00f3wno do trening\u00f3w, jak i na co dzie\u0144. Szeroki i wygodny pas, w po\u0142\u0105czeniu z wysokim stanem, skutecznie maskuje wszelkie niedoskona\u0142o\u015bci figury, podkre\u015blaj\u0105c jej atuty. Wykonane z mikrofibry, materia\u0142 jest do\u015b\u0107 g\u0119sty i nieprzezroczysty.\" \/>\n<meta name=\"robots\" content=\"index, follow, max-snippet:-1, max-image-preview:large, max-video-preview:-1\" \/>\n<link rel=\"canonical\" href=\"https:\/\/www.lingerie-avocado.pl\/ua\/product\/komplet-w-prazki-rowerowki-w-prazkowane-ze-standardowym-efektem-push-up-top\/\" \/>\n<meta property=\"og:locale\" content=\"uk_UA\" \/>\n<meta property=\"og:type\" content=\"article\" \/>\n<meta property=\"og:title\" content=\"Komplet w pr\u0105\u017cki: Rower\u00f3wki push-up + top - Lingerie Avocado | Odzie\u017c bezszwowa | Legginsy, Topy\" \/>\n<meta property=\"og:description\" content=\"Bezszwowe bikery w pr\u0105\u017ckowany wz\u00f3r idealnie nadaj\u0105 si\u0119 zar\u00f3wno do trening\u00f3w, jak i na co dzie\u0144. Szeroki i wygodny pas, w po\u0142\u0105czeniu z wysokim stanem, skutecznie maskuje wszelkie niedoskona\u0142o\u015bci figury, podkre\u015blaj\u0105c jej atuty. Wykonane z mikrofibry, materia\u0142 jest do\u015b\u0107 g\u0119sty i nieprzezroczysty.\" \/>\n<meta property=\"og:url\" content=\"https:\/\/www.lingerie-avocado.pl\/ua\/product\/komplet-w-prazki-rowerowki-w-prazkowane-ze-standardowym-efektem-push-up-top\/\" \/>\n<meta property=\"og:site_name\" content=\"Lingerie Avocado | Odzie\u017c bezszwowa | Legginsy, Topy\" \/>\n<meta property=\"article:modified_time\" content=\"2026-03-07T21:42:17+00:00\" \/>\n<meta property=\"og:image\" content=\"https:\/\/www.lingerie-avocado.pl\/wp-content\/uploads\/2024\/01\/Bikery-Prazkowane-z-efektem-push-up-o-standardowej-dlugosci-scaled.jpg\" \/>\n\t<meta property=\"og:image:width\" content=\"1904\" \/>\n\t<meta property=\"og:image:height\" content=\"2560\" \/>\n\t<meta property=\"og:image:type\" content=\"image\/jpeg\" \/>\n<meta name=\"twitter:card\" content=\"summary_large_image\" \/>\n<meta name=\"twitter:label1\" content=\"\u041f\u0440\u0438\u0431\u043b. \u0447\u0430\u0441 \u0447\u0438\u0442\u0430\u043d\u043d\u044f\" \/>\n\t<meta name=\"twitter:data1\" content=\"1 \u0445\u0432\u0438\u043b\u0438\u043d\u0430\" \/>\n<script type=\"application\/ld+json\" class=\"yoast-schema-graph\">{\"@context\":\"https:\/\/schema.org\",\"@graph\":[{\"@type\":\"WebPage\",\"@id\":\"https:\/\/www.lingerie-avocado.pl\/produkt\/komplet-w-prazki-rowerowki-w-prazkowane-ze-standardowym-efektem-push-up-top\/\",\"url\":\"https:\/\/www.lingerie-avocado.pl\/produkt\/komplet-w-prazki-rowerowki-w-prazkowane-ze-standardowym-efektem-push-up-top\/\",\"name\":\"Komplet w pr\u0105\u017cki: Rower\u00f3wki push-up + top - Lingerie Avocado | Odzie\u017c bezszwowa | Legginsy, Topy\",\"isPartOf\":{\"@id\":\"https:\/\/www.lingerie-avocado.pl\/#website\"},\"primaryImageOfPage\":{\"@id\":\"https:\/\/www.lingerie-avocado.pl\/produkt\/komplet-w-prazki-rowerowki-w-prazkowane-ze-standardowym-efektem-push-up-top\/#primaryimage\"},\"image\":{\"@id\":\"https:\/\/www.lingerie-avocado.pl\/produkt\/komplet-w-prazki-rowerowki-w-prazkowane-ze-standardowym-efektem-push-up-top\/#primaryimage\"},\"thumbnailUrl\":\"https:\/\/www.lingerie-avocado.pl\/wp-content\/uploads\/2024\/01\/Bikery-Prazkowane-z-efektem-push-up-o-standardowej-dlugosci-scaled.jpg\",\"datePublished\":\"2024-01-31T16:02:10+00:00\",\"dateModified\":\"2026-03-07T21:42:17+00:00\",\"description\":\"Bezszwowe bikery w pr\u0105\u017ckowany wz\u00f3r idealnie nadaj\u0105 si\u0119 zar\u00f3wno do trening\u00f3w, jak i na co dzie\u0144. Szeroki i wygodny pas, w po\u0142\u0105czeniu z wysokim stanem, skutecznie maskuje wszelkie niedoskona\u0142o\u015bci figury, podkre\u015blaj\u0105c jej atuty. Wykonane z mikrofibry, materia\u0142 jest do\u015b\u0107 g\u0119sty i nieprzezroczysty.\",\"breadcrumb\":{\"@id\":\"https:\/\/www.lingerie-avocado.pl\/produkt\/komplet-w-prazki-rowerowki-w-prazkowane-ze-standardowym-efektem-push-up-top\/#breadcrumb\"},\"inLanguage\":\"uk\",\"potentialAction\":[{\"@type\":\"ReadAction\",\"target\":[\"https:\/\/www.lingerie-avocado.pl\/produkt\/komplet-w-prazki-rowerowki-w-prazkowane-ze-standardowym-efektem-push-up-top\/\"]}]},{\"@type\":\"ImageObject\",\"inLanguage\":\"uk\",\"@id\":\"https:\/\/www.lingerie-avocado.pl\/produkt\/komplet-w-prazki-rowerowki-w-prazkowane-ze-standardowym-efektem-push-up-top\/#primaryimage\",\"url\":\"https:\/\/www.lingerie-avocado.pl\/wp-content\/uploads\/2024\/01\/Bikery-Prazkowane-z-efektem-push-up-o-standardowej-dlugosci-scaled.jpg\",\"contentUrl\":\"https:\/\/www.lingerie-avocado.pl\/wp-content\/uploads\/2024\/01\/Bikery-Prazkowane-z-efektem-push-up-o-standardowej-dlugosci-scaled.jpg\",\"width\":1904,\"height\":2560},{\"@type\":\"BreadcrumbList\",\"@id\":\"https:\/\/www.lingerie-avocado.pl\/produkt\/komplet-w-prazki-rowerowki-w-prazkowane-ze-standardowym-efektem-push-up-top\/#breadcrumb\",\"itemListElement\":[{\"@type\":\"ListItem\",\"position\":1,\"name\":\"Strona g\u0142\u00f3wna\",\"item\":\"https:\/\/www.lingerie-avocado.pl\/\"},{\"@type\":\"ListItem\",\"position\":2,\"name\":\"Sklep\",\"item\":\"https:\/\/www.lingerie-avocado.pl\/shop\/\"},{\"@type\":\"ListItem\",\"position\":3,\"name\":\"Komplet w pr\u0105\u017cki: Rower\u00f3wki push-up + top\"}]},{\"@type\":\"WebSite\",\"@id\":\"https:\/\/www.lingerie-avocado.pl\/#website\",\"url\":\"https:\/\/www.lingerie-avocado.pl\/\",\"name\":\"Lingerie Avocado | Odzie\u017c bezszwowa | Legginsy, Topy\",\"description\":\"\",\"publisher\":{\"@id\":\"https:\/\/www.lingerie-avocado.pl\/#organization\"},\"potentialAction\":[{\"@type\":\"SearchAction\",\"target\":{\"@type\":\"EntryPoint\",\"urlTemplate\":\"https:\/\/www.lingerie-avocado.pl\/?s={search_term_string}\"},\"query-input\":\"required name=search_term_string\"}],\"inLanguage\":\"uk\"},{\"@type\":\"Organization\",\"@id\":\"https:\/\/www.lingerie-avocado.pl\/#organization\",\"name\":\"Lingerie Avocado | Odzie\u017c bezszwowa | Legginsy, Topy\",\"url\":\"https:\/\/www.lingerie-avocado.pl\/\",\"logo\":{\"@type\":\"ImageObject\",\"inLanguage\":\"uk\",\"@id\":\"https:\/\/www.lingerie-avocado.pl\/#\/schema\/logo\/image\/\",\"url\":\"https:\/\/www.lingerie-avocado.pl\/wp-content\/uploads\/2024\/01\/LogoAvocado-1.svg\",\"contentUrl\":\"https:\/\/www.lingerie-avocado.pl\/wp-content\/uploads\/2024\/01\/LogoAvocado-1.svg\",\"width\":203,\"height\":68,\"caption\":\"Lingerie Avocado | Odzie\u017c bezszwowa | Legginsy, Topy\"},\"image\":{\"@id\":\"https:\/\/www.lingerie-avocado.pl\/#\/schema\/logo\/image\/\"}}]}<\/script>\n<!-- \/ Yoast SEO plugin. -->","yoast_head_json":{"title":"Komplet w pr\u0105\u017cki: Rower\u00f3wki push-up + top - Lingerie Avocado | Odzie\u017c bezszwowa | Legginsy, Topy","description":"Bezszwowe bikery w pr\u0105\u017ckowany wz\u00f3r idealnie nadaj\u0105 si\u0119 zar\u00f3wno do trening\u00f3w, jak i na co dzie\u0144. Szeroki i wygodny pas, w po\u0142\u0105czeniu z wysokim stanem, skutecznie maskuje wszelkie niedoskona\u0142o\u015bci figury, podkre\u015blaj\u0105c jej atuty. Wykonane z mikrofibry, materia\u0142 jest do\u015b\u0107 g\u0119sty i nieprzezroczysty.","robots":{"index":"index","follow":"follow","max-snippet":"max-snippet:-1","max-image-preview":"max-image-preview:large","max-video-preview":"max-video-preview:-1"},"canonical":"https:\/\/www.lingerie-avocado.pl\/ua\/product\/komplet-w-prazki-rowerowki-w-prazkowane-ze-standardowym-efektem-push-up-top\/","og_locale":"uk_UA","og_type":"article","og_title":"Komplet w pr\u0105\u017cki: Rower\u00f3wki push-up + top - Lingerie Avocado | Odzie\u017c bezszwowa | Legginsy, Topy","og_description":"Bezszwowe bikery w pr\u0105\u017ckowany wz\u00f3r idealnie nadaj\u0105 si\u0119 zar\u00f3wno do trening\u00f3w, jak i na co dzie\u0144. Szeroki i wygodny pas, w po\u0142\u0105czeniu z wysokim stanem, skutecznie maskuje wszelkie niedoskona\u0142o\u015bci figury, podkre\u015blaj\u0105c jej atuty. Wykonane z mikrofibry, materia\u0142 jest do\u015b\u0107 g\u0119sty i nieprzezroczysty.","og_url":"https:\/\/www.lingerie-avocado.pl\/ua\/product\/komplet-w-prazki-rowerowki-w-prazkowane-ze-standardowym-efektem-push-up-top\/","og_site_name":"Lingerie Avocado | Odzie\u017c bezszwowa | Legginsy, Topy","article_modified_time":"2026-03-07T21:42:17+00:00","og_image":[{"width":1904,"height":2560,"url":"https:\/\/www.lingerie-avocado.pl\/wp-content\/uploads\/2024\/01\/Bikery-Prazkowane-z-efektem-push-up-o-standardowej-dlugosci-scaled.jpg","type":"image\/jpeg"}],"twitter_card":"summary_large_image","twitter_misc":{"\u041f\u0440\u0438\u0431\u043b. \u0447\u0430\u0441 \u0447\u0438\u0442\u0430\u043d\u043d\u044f":"1 \u0445\u0432\u0438\u043b\u0438\u043d\u0430"},"schema":{"@context":"https:\/\/schema.org","@graph":[{"@type":"WebPage","@id":"https:\/\/www.lingerie-avocado.pl\/produkt\/komplet-w-prazki-rowerowki-w-prazkowane-ze-standardowym-efektem-push-up-top\/","url":"https:\/\/www.lingerie-avocado.pl\/produkt\/komplet-w-prazki-rowerowki-w-prazkowane-ze-standardowym-efektem-push-up-top\/","name":"Komplet w pr\u0105\u017cki: Rower\u00f3wki push-up + top - Lingerie Avocado | Odzie\u017c bezszwowa | Legginsy, Topy","isPartOf":{"@id":"https:\/\/www.lingerie-avocado.pl\/#website"},"primaryImageOfPage":{"@id":"https:\/\/www.lingerie-avocado.pl\/produkt\/komplet-w-prazki-rowerowki-w-prazkowane-ze-standardowym-efektem-push-up-top\/#primaryimage"},"image":{"@id":"https:\/\/www.lingerie-avocado.pl\/produkt\/komplet-w-prazki-rowerowki-w-prazkowane-ze-standardowym-efektem-push-up-top\/#primaryimage"},"thumbnailUrl":"https:\/\/www.lingerie-avocado.pl\/wp-content\/uploads\/2024\/01\/Bikery-Prazkowane-z-efektem-push-up-o-standardowej-dlugosci-scaled.jpg","datePublished":"2024-01-31T16:02:10+00:00","dateModified":"2026-03-07T21:42:17+00:00","description":"Bezszwowe bikery w pr\u0105\u017ckowany wz\u00f3r idealnie nadaj\u0105 si\u0119 zar\u00f3wno do trening\u00f3w, jak i na co dzie\u0144. Szeroki i wygodny pas, w po\u0142\u0105czeniu z wysokim stanem, skutecznie maskuje wszelkie niedoskona\u0142o\u015bci figury, podkre\u015blaj\u0105c jej atuty. Wykonane z mikrofibry, materia\u0142 jest do\u015b\u0107 g\u0119sty i nieprzezroczysty.","breadcrumb":{"@id":"https:\/\/www.lingerie-avocado.pl\/produkt\/komplet-w-prazki-rowerowki-w-prazkowane-ze-standardowym-efektem-push-up-top\/#breadcrumb"},"inLanguage":"uk","potentialAction":[{"@type":"ReadAction","target":["https:\/\/www.lingerie-avocado.pl\/produkt\/komplet-w-prazki-rowerowki-w-prazkowane-ze-standardowym-efektem-push-up-top\/"]}]},{"@type":"ImageObject","inLanguage":"uk","@id":"https:\/\/www.lingerie-avocado.pl\/produkt\/komplet-w-prazki-rowerowki-w-prazkowane-ze-standardowym-efektem-push-up-top\/#primaryimage","url":"https:\/\/www.lingerie-avocado.pl\/wp-content\/uploads\/2024\/01\/Bikery-Prazkowane-z-efektem-push-up-o-standardowej-dlugosci-scaled.jpg","contentUrl":"https:\/\/www.lingerie-avocado.pl\/wp-content\/uploads\/2024\/01\/Bikery-Prazkowane-z-efektem-push-up-o-standardowej-dlugosci-scaled.jpg","width":1904,"height":2560},{"@type":"BreadcrumbList","@id":"https:\/\/www.lingerie-avocado.pl\/produkt\/komplet-w-prazki-rowerowki-w-prazkowane-ze-standardowym-efektem-push-up-top\/#breadcrumb","itemListElement":[{"@type":"ListItem","position":1,"name":"Strona g\u0142\u00f3wna","item":"https:\/\/www.lingerie-avocado.pl\/"},{"@type":"ListItem","position":2,"name":"Sklep","item":"https:\/\/www.lingerie-avocado.pl\/shop\/"},{"@type":"ListItem","position":3,"name":"Komplet w pr\u0105\u017cki: Rower\u00f3wki push-up + top"}]},{"@type":"WebSite","@id":"https:\/\/www.lingerie-avocado.pl\/#website","url":"https:\/\/www.lingerie-avocado.pl\/","name":"Lingerie Avocado | Odzie\u017c bezszwowa | Legginsy, Topy","description":"","publisher":{"@id":"https:\/\/www.lingerie-avocado.pl\/#organization"},"potentialAction":[{"@type":"SearchAction","target":{"@type":"EntryPoint","urlTemplate":"https:\/\/www.lingerie-avocado.pl\/?s={search_term_string}"},"query-input":"required name=search_term_string"}],"inLanguage":"uk"},{"@type":"Organization","@id":"https:\/\/www.lingerie-avocado.pl\/#organization","name":"Lingerie Avocado | Odzie\u017c bezszwowa | Legginsy, Topy","url":"https:\/\/www.lingerie-avocado.pl\/","logo":{"@type":"ImageObject","inLanguage":"uk","@id":"https:\/\/www.lingerie-avocado.pl\/#\/schema\/logo\/image\/","url":"https:\/\/www.lingerie-avocado.pl\/wp-content\/uploads\/2024\/01\/LogoAvocado-1.svg","contentUrl":"https:\/\/www.lingerie-avocado.pl\/wp-content\/uploads\/2024\/01\/LogoAvocado-1.svg","width":203,"height":68,"caption":"Lingerie Avocado | Odzie\u017c bezszwowa | Legginsy, Topy"},"image":{"@id":"https:\/\/www.lingerie-avocado.pl\/#\/schema\/logo\/image\/"}}]}},"_links":{"self":[{"href":"https:\/\/www.lingerie-avocado.pl\/ua\/wp-json\/wp\/v2\/product\/1254","targetHints":{"allow":["GET"]}}],"collection":[{"href":"https:\/\/www.lingerie-avocado.pl\/ua\/wp-json\/wp\/v2\/product"}],"about":[{"href":"https:\/\/www.lingerie-avocado.pl\/ua\/wp-json\/wp\/v2\/types\/product"}],"wp:featuredmedia":[{"embeddable":true,"href":"https:\/\/www.lingerie-avocado.pl\/ua\/wp-json\/wp\/v2\/media\/1124"}],"wp:attachment":[{"href":"https:\/\/www.lingerie-avocado.pl\/ua\/wp-json\/wp\/v2\/media?parent=1254"}],"wp:term":[{"taxonomy":"product_cat","embeddable":true,"href":"https:\/\/www.lingerie-avocado.pl\/ua\/wp-json\/wp\/v2\/product_cat?post=1254"},{"taxonomy":"product_tag","embeddable":true,"href":"https:\/\/www.lingerie-avocado.pl\/ua\/wp-json\/wp\/v2\/product_tag?post=1254"}],"curies":[{"name":"wp","href":"https:\/\/api.w.org\/{rel}","templated":true}]}}